{"id":701013,"date":"2025-05-09T11:27:37","date_gmt":"2025-05-09T09:27:37","guid":{"rendered":"https:\/\/www.leroux.com\/produits\/jabon-de-achicoria-y-avellana\/"},"modified":"2026-04-17T10:08:04","modified_gmt":"2026-04-17T08:08:04","slug":"jabon-de-achicoria-y-avellana","status":"publish","type":"product","link":"https:\/\/www.leroux.com\/es\/produits\/jabon-de-achicoria-y-avellana\/","title":{"rendered":"Jab\u00f3n de achicoria y avellana"},"content":{"rendered":"","protected":false},"excerpt":{"rendered":"<h4>Descripci\u00f3n<\/h4>\n<p>\u00bfNecesitas un momento de suavidad en la ducha?<br \/>\nDescubre nuestro nuevo jab\u00f3n, creado en colaboraci\u00f3n con Savonnable. Con avellana achicoria, envuelve la piel en una espuma delicada y una fragancia reconfortante, c\u00e1lida y sutil a la vez. <\/p>\n","protected":false},"featured_media":475582,"template":"","meta":{"_acf_changed":false,"inline_featured_image":false},"product_brand":[],"product_cat":[162],"product_tag":[],"class_list":{"0":"post-701013","1":"product","2":"type-product","3":"status-publish","4":"has-post-thumbnail","6":"product_cat-coleccion","8":"first","9":"outofstock","10":"taxable","11":"shipping-taxable","12":"purchasable","13":"product-type-simple"},"acf":[],"yoast_head":"<!-- This site is optimized with the Yoast SEO plugin v27.4 - https:\/\/yoast.com\/product\/yoast-seo-wordpress\/ -->\n<title>Jab\u00f3n de achicoria y avellana | Chicor\u00e9e Leroux<\/title>\n<meta name=\"description\" content=\"\u00a1Descubre nuestro Jab\u00f3n de Achicoria y Avellana, creado en colaboraci\u00f3n con Savonnable!\" \/>\n<meta name=\"robots\" content=\"index, follow, max-snippet:-1, max-image-preview:large, max-video-preview:-1\" \/>\n<link rel=\"canonical\" href=\"https:\/\/www.leroux.com\/es\/produits\/jabon-de-achicoria-y-avellana\/\" \/>\n<meta property=\"og:locale\" content=\"es_ES\" \/>\n<meta property=\"og:type\" content=\"article\" \/>\n<meta property=\"og:title\" content=\"Jab\u00f3n de achicoria y avellana | Chicor\u00e9e Leroux\" \/>\n<meta property=\"og:description\" content=\"\u00a1Descubre nuestro Jab\u00f3n de Achicoria y Avellana, creado en colaboraci\u00f3n con Savonnable!\" \/>\n<meta property=\"og:url\" content=\"https:\/\/www.leroux.com\/es\/produits\/jabon-de-achicoria-y-avellana\/\" \/>\n<meta property=\"og:site_name\" content=\"Chicor\u00e9e Leroux\" \/>\n<meta property=\"article:publisher\" content=\"https:\/\/www.facebook.com\/chicoreeleroux\" \/>\n<meta property=\"article:modified_time\" content=\"2026-04-17T08:08:04+00:00\" \/>\n<meta property=\"og:image\" content=\"https:\/\/www.leroux.com\/wp-content\/uploads\/2025\/05\/thumbnail-savon-chicoree-noisette-1.jpg\" \/>\n\t<meta property=\"og:image:width\" content=\"700\" \/>\n\t<meta property=\"og:image:height\" content=\"467\" \/>\n\t<meta property=\"og:image:type\" content=\"image\/jpeg\" \/>\n<meta name=\"twitter:card\" content=\"summary_large_image\" \/>\n<meta name=\"twitter:site\" content=\"@Chicoree_Leroux\" \/>\n<script type=\"application\/ld+json\" class=\"yoast-schema-graph\">{\"@context\":\"https:\\\/\\\/schema.org\",\"@graph\":[{\"@type\":\"WebPage\",\"@id\":\"https:\\\/\\\/www.leroux.com\\\/es\\\/produits\\\/jabon-de-achicoria-y-avellana\\\/\",\"url\":\"https:\\\/\\\/www.leroux.com\\\/es\\\/produits\\\/jabon-de-achicoria-y-avellana\\\/\",\"name\":\"Jab\u00f3n de achicoria y avellana | Chicor\u00e9e Leroux\",\"isPartOf\":{\"@id\":\"https:\\\/\\\/www.leroux.com\\\/es\\\/#website\"},\"primaryImageOfPage\":{\"@id\":\"https:\\\/\\\/www.leroux.com\\\/es\\\/produits\\\/jabon-de-achicoria-y-avellana\\\/#primaryimage\"},\"image\":{\"@id\":\"https:\\\/\\\/www.leroux.com\\\/es\\\/produits\\\/jabon-de-achicoria-y-avellana\\\/#primaryimage\"},\"thumbnailUrl\":\"https:\\\/\\\/www.leroux.com\\\/wp-content\\\/uploads\\\/2025\\\/05\\\/thumbnail-savon-chicoree-noisette-1.jpg\",\"datePublished\":\"2025-05-09T09:27:37+00:00\",\"dateModified\":\"2026-04-17T08:08:04+00:00\",\"description\":\"\u00a1Descubre nuestro Jab\u00f3n de Achicoria y Avellana, creado en colaboraci\u00f3n con Savonnable!\",\"breadcrumb\":{\"@id\":\"https:\\\/\\\/www.leroux.com\\\/es\\\/produits\\\/jabon-de-achicoria-y-avellana\\\/#breadcrumb\"},\"inLanguage\":\"es\",\"potentialAction\":[{\"@type\":\"ReadAction\",\"target\":[\"https:\\\/\\\/www.leroux.com\\\/es\\\/produits\\\/jabon-de-achicoria-y-avellana\\\/\"]}]},{\"@type\":\"ImageObject\",\"inLanguage\":\"es\",\"@id\":\"https:\\\/\\\/www.leroux.com\\\/es\\\/produits\\\/jabon-de-achicoria-y-avellana\\\/#primaryimage\",\"url\":\"https:\\\/\\\/www.leroux.com\\\/wp-content\\\/uploads\\\/2025\\\/05\\\/thumbnail-savon-chicoree-noisette-1.jpg\",\"contentUrl\":\"https:\\\/\\\/www.leroux.com\\\/wp-content\\\/uploads\\\/2025\\\/05\\\/thumbnail-savon-chicoree-noisette-1.jpg\",\"width\":700,\"height\":467},{\"@type\":\"BreadcrumbList\",\"@id\":\"https:\\\/\\\/www.leroux.com\\\/es\\\/produits\\\/jabon-de-achicoria-y-avellana\\\/#breadcrumb\",\"itemListElement\":[{\"@type\":\"ListItem\",\"position\":1,\"name\":\"Home\",\"item\":\"https:\\\/\\\/www.leroux.com\\\/es\\\/inicio\\\/\"},{\"@type\":\"ListItem\",\"position\":2,\"name\":\"Nos produits, boissons chaudes\\\/froides\",\"item\":\"https:\\\/\\\/www.leroux.com\\\/produits\\\/\"},{\"@type\":\"ListItem\",\"position\":3,\"name\":\"Jab\u00f3n de achicoria y avellana\"}]},{\"@type\":\"WebSite\",\"@id\":\"https:\\\/\\\/www.leroux.com\\\/es\\\/#website\",\"url\":\"https:\\\/\\\/www.leroux.com\\\/es\\\/\",\"name\":\"Chicor\u00e9e Leroux\",\"description\":\"Du r\u00e9confort depuis 1858\",\"publisher\":{\"@id\":\"https:\\\/\\\/www.leroux.com\\\/es\\\/#organization\"},\"potentialAction\":[{\"@type\":\"SearchAction\",\"target\":{\"@type\":\"EntryPoint\",\"urlTemplate\":\"https:\\\/\\\/www.leroux.com\\\/es\\\/?s={search_term_string}\"},\"query-input\":{\"@type\":\"PropertyValueSpecification\",\"valueRequired\":true,\"valueName\":\"search_term_string\"}}],\"inLanguage\":\"es\"},{\"@type\":\"Organization\",\"@id\":\"https:\\\/\\\/www.leroux.com\\\/es\\\/#organization\",\"name\":\"Chicor\u00e9e Leroux\",\"url\":\"https:\\\/\\\/www.leroux.com\\\/es\\\/\",\"logo\":{\"@type\":\"ImageObject\",\"inLanguage\":\"es\",\"@id\":\"https:\\\/\\\/www.leroux.com\\\/es\\\/#\\\/schema\\\/logo\\\/image\\\/\",\"url\":\"https:\\\/\\\/www.leroux.com\\\/wp-content\\\/uploads\\\/2023\\\/07\\\/screenshot.png\",\"contentUrl\":\"https:\\\/\\\/www.leroux.com\\\/wp-content\\\/uploads\\\/2023\\\/07\\\/screenshot.png\",\"width\":880,\"height\":660,\"caption\":\"Chicor\u00e9e Leroux\"},\"image\":{\"@id\":\"https:\\\/\\\/www.leroux.com\\\/es\\\/#\\\/schema\\\/logo\\\/image\\\/\"},\"sameAs\":[\"https:\\\/\\\/www.facebook.com\\\/chicoreeleroux\",\"https:\\\/\\\/x.com\\\/Chicoree_Leroux\",\"https:\\\/\\\/www.instagram.com\\\/chicoree_leroux\"]}]}<\/script>\n<!-- \/ Yoast SEO plugin. -->","yoast_head_json":{"title":"Jab\u00f3n de achicoria y avellana | Chicor\u00e9e Leroux","description":"\u00a1Descubre nuestro Jab\u00f3n de Achicoria y Avellana, creado en colaboraci\u00f3n con Savonnable!","robots":{"index":"index","follow":"follow","max-snippet":"max-snippet:-1","max-image-preview":"max-image-preview:large","max-video-preview":"max-video-preview:-1"},"canonical":"https:\/\/www.leroux.com\/es\/produits\/jabon-de-achicoria-y-avellana\/","og_locale":"es_ES","og_type":"article","og_title":"Jab\u00f3n de achicoria y avellana | Chicor\u00e9e Leroux","og_description":"\u00a1Descubre nuestro Jab\u00f3n de Achicoria y Avellana, creado en colaboraci\u00f3n con Savonnable!","og_url":"https:\/\/www.leroux.com\/es\/produits\/jabon-de-achicoria-y-avellana\/","og_site_name":"Chicor\u00e9e Leroux","article_publisher":"https:\/\/www.facebook.com\/chicoreeleroux","article_modified_time":"2026-04-17T08:08:04+00:00","og_image":[{"width":700,"height":467,"url":"https:\/\/www.leroux.com\/wp-content\/uploads\/2025\/05\/thumbnail-savon-chicoree-noisette-1.jpg","type":"image\/jpeg"}],"twitter_card":"summary_large_image","twitter_site":"@Chicoree_Leroux","schema":{"@context":"https:\/\/schema.org","@graph":[{"@type":"WebPage","@id":"https:\/\/www.leroux.com\/es\/produits\/jabon-de-achicoria-y-avellana\/","url":"https:\/\/www.leroux.com\/es\/produits\/jabon-de-achicoria-y-avellana\/","name":"Jab\u00f3n de achicoria y avellana | Chicor\u00e9e Leroux","isPartOf":{"@id":"https:\/\/www.leroux.com\/es\/#website"},"primaryImageOfPage":{"@id":"https:\/\/www.leroux.com\/es\/produits\/jabon-de-achicoria-y-avellana\/#primaryimage"},"image":{"@id":"https:\/\/www.leroux.com\/es\/produits\/jabon-de-achicoria-y-avellana\/#primaryimage"},"thumbnailUrl":"https:\/\/www.leroux.com\/wp-content\/uploads\/2025\/05\/thumbnail-savon-chicoree-noisette-1.jpg","datePublished":"2025-05-09T09:27:37+00:00","dateModified":"2026-04-17T08:08:04+00:00","description":"\u00a1Descubre nuestro Jab\u00f3n de Achicoria y Avellana, creado en colaboraci\u00f3n con Savonnable!","breadcrumb":{"@id":"https:\/\/www.leroux.com\/es\/produits\/jabon-de-achicoria-y-avellana\/#breadcrumb"},"inLanguage":"es","potentialAction":[{"@type":"ReadAction","target":["https:\/\/www.leroux.com\/es\/produits\/jabon-de-achicoria-y-avellana\/"]}]},{"@type":"ImageObject","inLanguage":"es","@id":"https:\/\/www.leroux.com\/es\/produits\/jabon-de-achicoria-y-avellana\/#primaryimage","url":"https:\/\/www.leroux.com\/wp-content\/uploads\/2025\/05\/thumbnail-savon-chicoree-noisette-1.jpg","contentUrl":"https:\/\/www.leroux.com\/wp-content\/uploads\/2025\/05\/thumbnail-savon-chicoree-noisette-1.jpg","width":700,"height":467},{"@type":"BreadcrumbList","@id":"https:\/\/www.leroux.com\/es\/produits\/jabon-de-achicoria-y-avellana\/#breadcrumb","itemListElement":[{"@type":"ListItem","position":1,"name":"Home","item":"https:\/\/www.leroux.com\/es\/inicio\/"},{"@type":"ListItem","position":2,"name":"Nos produits, boissons chaudes\/froides","item":"https:\/\/www.leroux.com\/produits\/"},{"@type":"ListItem","position":3,"name":"Jab\u00f3n de achicoria y avellana"}]},{"@type":"WebSite","@id":"https:\/\/www.leroux.com\/es\/#website","url":"https:\/\/www.leroux.com\/es\/","name":"Chicor\u00e9e Leroux","description":"Du r\u00e9confort depuis 1858","publisher":{"@id":"https:\/\/www.leroux.com\/es\/#organization"},"potentialAction":[{"@type":"SearchAction","target":{"@type":"EntryPoint","urlTemplate":"https:\/\/www.leroux.com\/es\/?s={search_term_string}"},"query-input":{"@type":"PropertyValueSpecification","valueRequired":true,"valueName":"search_term_string"}}],"inLanguage":"es"},{"@type":"Organization","@id":"https:\/\/www.leroux.com\/es\/#organization","name":"Chicor\u00e9e Leroux","url":"https:\/\/www.leroux.com\/es\/","logo":{"@type":"ImageObject","inLanguage":"es","@id":"https:\/\/www.leroux.com\/es\/#\/schema\/logo\/image\/","url":"https:\/\/www.leroux.com\/wp-content\/uploads\/2023\/07\/screenshot.png","contentUrl":"https:\/\/www.leroux.com\/wp-content\/uploads\/2023\/07\/screenshot.png","width":880,"height":660,"caption":"Chicor\u00e9e Leroux"},"image":{"@id":"https:\/\/www.leroux.com\/es\/#\/schema\/logo\/image\/"},"sameAs":["https:\/\/www.facebook.com\/chicoreeleroux","https:\/\/x.com\/Chicoree_Leroux","https:\/\/www.instagram.com\/chicoree_leroux"]}]}},"_links":{"self":[{"href":"https:\/\/www.leroux.com\/es\/wp-json\/wp\/v2\/product\/701013","targetHints":{"allow":["GET"]}}],"collection":[{"href":"https:\/\/www.leroux.com\/es\/wp-json\/wp\/v2\/product"}],"about":[{"href":"https:\/\/www.leroux.com\/es\/wp-json\/wp\/v2\/types\/product"}],"wp:featuredmedia":[{"embeddable":true,"href":"https:\/\/www.leroux.com\/es\/wp-json\/wp\/v2\/media\/475582"}],"wp:attachment":[{"href":"https:\/\/www.leroux.com\/es\/wp-json\/wp\/v2\/media?parent=701013"}],"wp:term":[{"taxonomy":"product_brand","embeddable":true,"href":"https:\/\/www.leroux.com\/es\/wp-json\/wp\/v2\/product_brand?post=701013"},{"taxonomy":"product_cat","embeddable":true,"href":"https:\/\/www.leroux.com\/es\/wp-json\/wp\/v2\/product_cat?post=701013"},{"taxonomy":"product_tag","embeddable":true,"href":"https:\/\/www.leroux.com\/es\/wp-json\/wp\/v2\/product_tag?post=701013"}],"curies":[{"name":"wp","href":"https:\/\/api.w.org\/{rel}","templated":true}]}}