{"id":700362,"date":"2026-03-26T13:49:33","date_gmt":"2026-03-26T12:49:33","guid":{"rendered":"https:\/\/www.leroux.com\/produits\/infusion-relax\/"},"modified":"2026-03-30T09:35:44","modified_gmt":"2026-03-30T07:35:44","slug":"infusion-relax","status":"publish","type":"product","link":"https:\/\/www.leroux.com\/es\/produits\/infusion-relax\/","title":{"rendered":"Infusi\u00f3n Relax"},"content":{"rendered":"<p>Una lata grande de achicoria<\/p>\n","protected":false},"excerpt":{"rendered":"<p><span style=\"color: #ffffff;\">\u00bfNecesitas desconectar y relajarte? Descubre RELAX 100% infusi\u00f3n de achicoria. Una bebida suave, con un sabor fuerte pero equilibrado a achicoria&#8230; justo lo que nos gusta para un momento reconfortante al final del d\u00eda. 100% vegetal y sin aromas a\u00f1adidos, esta deliciosa bebida caliente puede disfrutarse a lo largo del d\u00eda para un momento de dulzura.   <\/span><\/p>\n","protected":false},"featured_media":700367,"template":"","meta":{"_acf_changed":false,"inline_featured_image":false},"product_brand":[],"product_cat":[163],"product_tag":[159],"class_list":{"0":"post-700362","1":"product","2":"type-product","3":"status-publish","4":"has-post-thumbnail","6":"product_cat-infusion-es","7":"product_tag-nuevo-en","9":"first","10":"instock","11":"taxable","12":"shipping-taxable","13":"purchasable","14":"product-type-simple"},"acf":[],"yoast_head":"<!-- This site is optimized with the Yoast SEO plugin v26.0 - https:\/\/yoast.com\/wordpress\/plugins\/seo\/ -->\n<title>Infusi\u00f3n Relax | Chicor\u00e9e Leroux<\/title>\n<meta name=\"description\" content=\"Descubre nuestra Infusi\u00f3n Relax. Una bebida natural, equilibrada y sin cafe\u00edna. Disfruta siempre de un placer delicioso y saludable.\" \/>\n<meta name=\"robots\" content=\"index, follow, max-snippet:-1, max-image-preview:large, max-video-preview:-1\" \/>\n<link rel=\"canonical\" href=\"https:\/\/www.leroux.com\/es\/produits\/infusion-relax\/\" \/>\n<meta property=\"og:locale\" content=\"es_ES\" \/>\n<meta property=\"og:type\" content=\"article\" \/>\n<meta property=\"og:title\" content=\"Infusi\u00f3n Relax | Chicor\u00e9e Leroux\" \/>\n<meta property=\"og:description\" content=\"Descubre nuestra Infusi\u00f3n Relax. Una bebida natural, equilibrada y sin cafe\u00edna. Disfruta siempre de un placer delicioso y saludable.\" \/>\n<meta property=\"og:url\" content=\"https:\/\/www.leroux.com\/es\/produits\/infusion-relax\/\" \/>\n<meta property=\"og:site_name\" content=\"Chicor\u00e9e Leroux\" \/>\n<meta property=\"article:publisher\" content=\"https:\/\/www.facebook.com\/chicoreeleroux\" \/>\n<meta property=\"article:modified_time\" content=\"2026-03-30T07:35:44+00:00\" \/>\n<meta property=\"og:image\" content=\"https:\/\/www.leroux.com\/wp-content\/uploads\/2023\/07\/1t7a2395-1024x819.jpg\" \/>\n<meta name=\"twitter:card\" content=\"summary_large_image\" \/>\n<meta name=\"twitter:site\" content=\"@Chicoree_Leroux\" \/>\n<script type=\"application\/ld+json\" class=\"yoast-schema-graph\">{\"@context\":\"https:\/\/schema.org\",\"@graph\":[{\"@type\":\"WebPage\",\"@id\":\"https:\/\/www.leroux.com\/es\/produits\/infusion-relax\/\",\"url\":\"https:\/\/www.leroux.com\/es\/produits\/infusion-relax\/\",\"name\":\"Infusi\u00f3n Relax | Chicor\u00e9e Leroux\",\"isPartOf\":{\"@id\":\"https:\/\/www.leroux.com\/es\/#website\"},\"primaryImageOfPage\":{\"@id\":\"https:\/\/www.leroux.com\/es\/produits\/infusion-relax\/#primaryimage\"},\"image\":{\"@id\":\"https:\/\/www.leroux.com\/es\/produits\/infusion-relax\/#primaryimage\"},\"thumbnailUrl\":\"https:\/\/www.leroux.com\/wp-content\/uploads\/2026\/03\/infusion-relax.png\",\"datePublished\":\"2026-03-26T12:49:33+00:00\",\"dateModified\":\"2026-03-30T07:35:44+00:00\",\"description\":\"Descubre nuestra Infusi\u00f3n Relax. Una bebida natural, equilibrada y sin cafe\u00edna. Disfruta siempre de un placer delicioso y saludable.\",\"breadcrumb\":{\"@id\":\"https:\/\/www.leroux.com\/es\/produits\/infusion-relax\/#breadcrumb\"},\"inLanguage\":\"es\",\"potentialAction\":[{\"@type\":\"ReadAction\",\"target\":[\"https:\/\/www.leroux.com\/es\/produits\/infusion-relax\/\"]}]},{\"@type\":\"ImageObject\",\"inLanguage\":\"es\",\"@id\":\"https:\/\/www.leroux.com\/es\/produits\/infusion-relax\/#primaryimage\",\"url\":\"https:\/\/www.leroux.com\/wp-content\/uploads\/2026\/03\/infusion-relax.png\",\"contentUrl\":\"https:\/\/www.leroux.com\/wp-content\/uploads\/2026\/03\/infusion-relax.png\",\"width\":500,\"height\":500},{\"@type\":\"BreadcrumbList\",\"@id\":\"https:\/\/www.leroux.com\/es\/produits\/infusion-relax\/#breadcrumb\",\"itemListElement\":[{\"@type\":\"ListItem\",\"position\":1,\"name\":\"Home\",\"item\":\"https:\/\/www.leroux.com\/es\/inicio\/\"},{\"@type\":\"ListItem\",\"position\":2,\"name\":\"Nos produits, boissons chaudes\/froides\",\"item\":\"https:\/\/www.leroux.com\/produits\/\"},{\"@type\":\"ListItem\",\"position\":3,\"name\":\"Infusi\u00f3n Relax\"}]},{\"@type\":\"WebSite\",\"@id\":\"https:\/\/www.leroux.com\/es\/#website\",\"url\":\"https:\/\/www.leroux.com\/es\/\",\"name\":\"Chicor\u00e9e Leroux\",\"description\":\"Du r\u00e9confort depuis 1858\",\"publisher\":{\"@id\":\"https:\/\/www.leroux.com\/es\/#organization\"},\"potentialAction\":[{\"@type\":\"SearchAction\",\"target\":{\"@type\":\"EntryPoint\",\"urlTemplate\":\"https:\/\/www.leroux.com\/es\/?s={search_term_string}\"},\"query-input\":{\"@type\":\"PropertyValueSpecification\",\"valueRequired\":true,\"valueName\":\"search_term_string\"}}],\"inLanguage\":\"es\"},{\"@type\":\"Organization\",\"@id\":\"https:\/\/www.leroux.com\/es\/#organization\",\"name\":\"Chicor\u00e9e Leroux\",\"url\":\"https:\/\/www.leroux.com\/es\/\",\"logo\":{\"@type\":\"ImageObject\",\"inLanguage\":\"es\",\"@id\":\"https:\/\/www.leroux.com\/es\/#\/schema\/logo\/image\/\",\"url\":\"https:\/\/www.leroux.com\/wp-content\/uploads\/2023\/07\/screenshot.png\",\"contentUrl\":\"https:\/\/www.leroux.com\/wp-content\/uploads\/2023\/07\/screenshot.png\",\"width\":880,\"height\":660,\"caption\":\"Chicor\u00e9e Leroux\"},\"image\":{\"@id\":\"https:\/\/www.leroux.com\/es\/#\/schema\/logo\/image\/\"},\"sameAs\":[\"https:\/\/www.facebook.com\/chicoreeleroux\",\"https:\/\/x.com\/Chicoree_Leroux\",\"https:\/\/www.instagram.com\/chicoree_leroux\"]}]}<\/script>\n<!-- \/ Yoast SEO plugin. -->","yoast_head_json":{"title":"Infusi\u00f3n Relax | Chicor\u00e9e Leroux","description":"Descubre nuestra Infusi\u00f3n Relax. Una bebida natural, equilibrada y sin cafe\u00edna. Disfruta siempre de un placer delicioso y saludable.","robots":{"index":"index","follow":"follow","max-snippet":"max-snippet:-1","max-image-preview":"max-image-preview:large","max-video-preview":"max-video-preview:-1"},"canonical":"https:\/\/www.leroux.com\/es\/produits\/infusion-relax\/","og_locale":"es_ES","og_type":"article","og_title":"Infusi\u00f3n Relax | Chicor\u00e9e Leroux","og_description":"Descubre nuestra Infusi\u00f3n Relax. Una bebida natural, equilibrada y sin cafe\u00edna. Disfruta siempre de un placer delicioso y saludable.","og_url":"https:\/\/www.leroux.com\/es\/produits\/infusion-relax\/","og_site_name":"Chicor\u00e9e Leroux","article_publisher":"https:\/\/www.facebook.com\/chicoreeleroux","article_modified_time":"2026-03-30T07:35:44+00:00","og_image":[{"url":"https:\/\/www.leroux.com\/wp-content\/uploads\/2023\/07\/1t7a2395-1024x819.jpg","type":"","width":"","height":""}],"twitter_card":"summary_large_image","twitter_site":"@Chicoree_Leroux","schema":{"@context":"https:\/\/schema.org","@graph":[{"@type":"WebPage","@id":"https:\/\/www.leroux.com\/es\/produits\/infusion-relax\/","url":"https:\/\/www.leroux.com\/es\/produits\/infusion-relax\/","name":"Infusi\u00f3n Relax | Chicor\u00e9e Leroux","isPartOf":{"@id":"https:\/\/www.leroux.com\/es\/#website"},"primaryImageOfPage":{"@id":"https:\/\/www.leroux.com\/es\/produits\/infusion-relax\/#primaryimage"},"image":{"@id":"https:\/\/www.leroux.com\/es\/produits\/infusion-relax\/#primaryimage"},"thumbnailUrl":"https:\/\/www.leroux.com\/wp-content\/uploads\/2026\/03\/infusion-relax.png","datePublished":"2026-03-26T12:49:33+00:00","dateModified":"2026-03-30T07:35:44+00:00","description":"Descubre nuestra Infusi\u00f3n Relax. Una bebida natural, equilibrada y sin cafe\u00edna. Disfruta siempre de un placer delicioso y saludable.","breadcrumb":{"@id":"https:\/\/www.leroux.com\/es\/produits\/infusion-relax\/#breadcrumb"},"inLanguage":"es","potentialAction":[{"@type":"ReadAction","target":["https:\/\/www.leroux.com\/es\/produits\/infusion-relax\/"]}]},{"@type":"ImageObject","inLanguage":"es","@id":"https:\/\/www.leroux.com\/es\/produits\/infusion-relax\/#primaryimage","url":"https:\/\/www.leroux.com\/wp-content\/uploads\/2026\/03\/infusion-relax.png","contentUrl":"https:\/\/www.leroux.com\/wp-content\/uploads\/2026\/03\/infusion-relax.png","width":500,"height":500},{"@type":"BreadcrumbList","@id":"https:\/\/www.leroux.com\/es\/produits\/infusion-relax\/#breadcrumb","itemListElement":[{"@type":"ListItem","position":1,"name":"Home","item":"https:\/\/www.leroux.com\/es\/inicio\/"},{"@type":"ListItem","position":2,"name":"Nos produits, boissons chaudes\/froides","item":"https:\/\/www.leroux.com\/produits\/"},{"@type":"ListItem","position":3,"name":"Infusi\u00f3n Relax"}]},{"@type":"WebSite","@id":"https:\/\/www.leroux.com\/es\/#website","url":"https:\/\/www.leroux.com\/es\/","name":"Chicor\u00e9e Leroux","description":"Du r\u00e9confort depuis 1858","publisher":{"@id":"https:\/\/www.leroux.com\/es\/#organization"},"potentialAction":[{"@type":"SearchAction","target":{"@type":"EntryPoint","urlTemplate":"https:\/\/www.leroux.com\/es\/?s={search_term_string}"},"query-input":{"@type":"PropertyValueSpecification","valueRequired":true,"valueName":"search_term_string"}}],"inLanguage":"es"},{"@type":"Organization","@id":"https:\/\/www.leroux.com\/es\/#organization","name":"Chicor\u00e9e Leroux","url":"https:\/\/www.leroux.com\/es\/","logo":{"@type":"ImageObject","inLanguage":"es","@id":"https:\/\/www.leroux.com\/es\/#\/schema\/logo\/image\/","url":"https:\/\/www.leroux.com\/wp-content\/uploads\/2023\/07\/screenshot.png","contentUrl":"https:\/\/www.leroux.com\/wp-content\/uploads\/2023\/07\/screenshot.png","width":880,"height":660,"caption":"Chicor\u00e9e Leroux"},"image":{"@id":"https:\/\/www.leroux.com\/es\/#\/schema\/logo\/image\/"},"sameAs":["https:\/\/www.facebook.com\/chicoreeleroux","https:\/\/x.com\/Chicoree_Leroux","https:\/\/www.instagram.com\/chicoree_leroux"]}]}},"_links":{"self":[{"href":"https:\/\/www.leroux.com\/es\/wp-json\/wp\/v2\/product\/700362","targetHints":{"allow":["GET"]}}],"collection":[{"href":"https:\/\/www.leroux.com\/es\/wp-json\/wp\/v2\/product"}],"about":[{"href":"https:\/\/www.leroux.com\/es\/wp-json\/wp\/v2\/types\/product"}],"wp:featuredmedia":[{"embeddable":true,"href":"https:\/\/www.leroux.com\/es\/wp-json\/wp\/v2\/media\/700367"}],"wp:attachment":[{"href":"https:\/\/www.leroux.com\/es\/wp-json\/wp\/v2\/media?parent=700362"}],"wp:term":[{"taxonomy":"product_brand","embeddable":true,"href":"https:\/\/www.leroux.com\/es\/wp-json\/wp\/v2\/product_brand?post=700362"},{"taxonomy":"product_cat","embeddable":true,"href":"https:\/\/www.leroux.com\/es\/wp-json\/wp\/v2\/product_cat?post=700362"},{"taxonomy":"product_tag","embeddable":true,"href":"https:\/\/www.leroux.com\/es\/wp-json\/wp\/v2\/product_tag?post=700362"}],"curies":[{"name":"wp","href":"https:\/\/api.w.org\/{rel}","templated":true}]}}