{"id":698183,"date":"2024-11-21T09:03:23","date_gmt":"2024-11-21T08:03:23","guid":{"rendered":"https:\/\/www.leroux.com\/produits\/le-chti-noel-chicoree-leroux\/"},"modified":"2026-03-04T17:05:32","modified_gmt":"2026-03-04T16:05:32","slug":"le-chti-noel-chicoree-leroux","status":"publish","type":"product","link":"https:\/\/www.leroux.com\/es\/produits\/le-chti-noel-chicoree-leroux\/","title":{"rendered":"Le Ch&#8217;ti No\u00ebl &#8211; Chicor\u00e9e Leroux"},"content":{"rendered":"","protected":false},"excerpt":{"rendered":"<h4>Descripci\u00f3n<\/h4>\n<p>Ch&#8217;ti No\u00ebl es el resultado de una colaboraci\u00f3n local y responsable entre <strong>Savonnable<\/strong> y <strong>Chicor\u00e9e Leroux<\/strong>. Enriquecido con extractos de achicoria, este <strong>jab\u00f3n Ch&#8217;ti<\/strong> revela una fragancia deliciosamente <strong>especiada<\/strong> y <strong>gourmet<\/strong>, con notas de <strong>t\u00e9<\/strong> y <strong>pan de especias<\/strong>, que te sumerge en el ambiente c\u00e1lido y festivo de las fiestas con cada uso. <\/p>\n<p>&nbsp;<\/p>\n<p>&nbsp;<\/p>\n","protected":false},"featured_media":698182,"template":"","meta":{"_acf_changed":false,"inline_featured_image":false},"product_brand":[],"product_cat":[162],"product_tag":[159],"class_list":{"0":"post-698183","1":"product","2":"type-product","3":"status-publish","4":"has-post-thumbnail","6":"product_cat-coleccion","7":"product_tag-nuevo-en","9":"first","10":"instock","11":"featured","12":"taxable","13":"shipping-taxable","14":"purchasable","15":"product-type-simple"},"acf":[],"yoast_head":"<!-- This site is optimized with the Yoast SEO plugin v27.4 - https:\/\/yoast.com\/product\/yoast-seo-wordpress\/ -->\n<title>Le Ch&#039;ti No\u00ebl - Chicor\u00e9e Leroux | Chicor\u00e9e Leroux<\/title>\n<meta name=\"description\" content=\"El jab\u00f3n Ch&#039;ti No\u00ebl es fruto de una colaboraci\u00f3n local y responsable entre Savonnable y Chicor\u00e9e Leroux, enriquecido con extractos de achicoria.\" \/>\n<meta name=\"robots\" content=\"index, follow, max-snippet:-1, max-image-preview:large, max-video-preview:-1\" \/>\n<link rel=\"canonical\" href=\"https:\/\/www.leroux.com\/es\/produits\/le-chti-noel-chicoree-leroux\/\" \/>\n<meta property=\"og:locale\" content=\"es_ES\" \/>\n<meta property=\"og:type\" content=\"article\" \/>\n<meta property=\"og:title\" content=\"Le Ch&#039;ti No\u00ebl - Chicor\u00e9e Leroux | Chicor\u00e9e Leroux\" \/>\n<meta property=\"og:description\" content=\"El jab\u00f3n Ch&#039;ti No\u00ebl es fruto de una colaboraci\u00f3n local y responsable entre Savonnable y Chicor\u00e9e Leroux, enriquecido con extractos de achicoria.\" \/>\n<meta property=\"og:url\" content=\"https:\/\/www.leroux.com\/es\/produits\/le-chti-noel-chicoree-leroux\/\" \/>\n<meta property=\"og:site_name\" content=\"Chicor\u00e9e Leroux\" \/>\n<meta property=\"article:publisher\" content=\"https:\/\/www.facebook.com\/chicoreeleroux\" \/>\n<meta property=\"article:modified_time\" content=\"2026-03-04T16:05:32+00:00\" \/>\n<meta property=\"og:image\" content=\"https:\/\/www.leroux.com\/wp-content\/uploads\/2024\/11\/chti-noel-leroux-09557-1.jpg\" \/>\n\t<meta property=\"og:image:width\" content=\"500\" \/>\n\t<meta property=\"og:image:height\" content=\"500\" \/>\n\t<meta property=\"og:image:type\" content=\"image\/jpeg\" \/>\n<meta name=\"twitter:card\" content=\"summary_large_image\" \/>\n<meta name=\"twitter:site\" content=\"@Chicoree_Leroux\" \/>\n<script type=\"application\/ld+json\" class=\"yoast-schema-graph\">{\"@context\":\"https:\\\/\\\/schema.org\",\"@graph\":[{\"@type\":\"WebPage\",\"@id\":\"https:\\\/\\\/www.leroux.com\\\/es\\\/produits\\\/le-chti-noel-chicoree-leroux\\\/\",\"url\":\"https:\\\/\\\/www.leroux.com\\\/es\\\/produits\\\/le-chti-noel-chicoree-leroux\\\/\",\"name\":\"Le Ch'ti No\u00ebl - Chicor\u00e9e Leroux | Chicor\u00e9e Leroux\",\"isPartOf\":{\"@id\":\"https:\\\/\\\/www.leroux.com\\\/es\\\/#website\"},\"primaryImageOfPage\":{\"@id\":\"https:\\\/\\\/www.leroux.com\\\/es\\\/produits\\\/le-chti-noel-chicoree-leroux\\\/#primaryimage\"},\"image\":{\"@id\":\"https:\\\/\\\/www.leroux.com\\\/es\\\/produits\\\/le-chti-noel-chicoree-leroux\\\/#primaryimage\"},\"thumbnailUrl\":\"https:\\\/\\\/www.leroux.com\\\/wp-content\\\/uploads\\\/2024\\\/11\\\/chti-noel-leroux-09557-1.jpg\",\"datePublished\":\"2024-11-21T08:03:23+00:00\",\"dateModified\":\"2026-03-04T16:05:32+00:00\",\"description\":\"El jab\u00f3n Ch'ti No\u00ebl es fruto de una colaboraci\u00f3n local y responsable entre Savonnable y Chicor\u00e9e Leroux, enriquecido con extractos de achicoria.\",\"breadcrumb\":{\"@id\":\"https:\\\/\\\/www.leroux.com\\\/es\\\/produits\\\/le-chti-noel-chicoree-leroux\\\/#breadcrumb\"},\"inLanguage\":\"es\",\"potentialAction\":[{\"@type\":\"ReadAction\",\"target\":[\"https:\\\/\\\/www.leroux.com\\\/es\\\/produits\\\/le-chti-noel-chicoree-leroux\\\/\"]}]},{\"@type\":\"ImageObject\",\"inLanguage\":\"es\",\"@id\":\"https:\\\/\\\/www.leroux.com\\\/es\\\/produits\\\/le-chti-noel-chicoree-leroux\\\/#primaryimage\",\"url\":\"https:\\\/\\\/www.leroux.com\\\/wp-content\\\/uploads\\\/2024\\\/11\\\/chti-noel-leroux-09557-1.jpg\",\"contentUrl\":\"https:\\\/\\\/www.leroux.com\\\/wp-content\\\/uploads\\\/2024\\\/11\\\/chti-noel-leroux-09557-1.jpg\",\"width\":500,\"height\":500,\"caption\":\"Savon ch'ti noel chicor\u00e9e leroux\"},{\"@type\":\"BreadcrumbList\",\"@id\":\"https:\\\/\\\/www.leroux.com\\\/es\\\/produits\\\/le-chti-noel-chicoree-leroux\\\/#breadcrumb\",\"itemListElement\":[{\"@type\":\"ListItem\",\"position\":1,\"name\":\"Home\",\"item\":\"https:\\\/\\\/www.leroux.com\\\/es\\\/inicio\\\/\"},{\"@type\":\"ListItem\",\"position\":2,\"name\":\"Nos produits, boissons chaudes\\\/froides\",\"item\":\"https:\\\/\\\/www.leroux.com\\\/produits\\\/\"},{\"@type\":\"ListItem\",\"position\":3,\"name\":\"Le Ch&#8217;ti No\u00ebl &#8211; Chicor\u00e9e Leroux\"}]},{\"@type\":\"WebSite\",\"@id\":\"https:\\\/\\\/www.leroux.com\\\/es\\\/#website\",\"url\":\"https:\\\/\\\/www.leroux.com\\\/es\\\/\",\"name\":\"Chicor\u00e9e Leroux\",\"description\":\"Du r\u00e9confort depuis 1858\",\"publisher\":{\"@id\":\"https:\\\/\\\/www.leroux.com\\\/es\\\/#organization\"},\"potentialAction\":[{\"@type\":\"SearchAction\",\"target\":{\"@type\":\"EntryPoint\",\"urlTemplate\":\"https:\\\/\\\/www.leroux.com\\\/es\\\/?s={search_term_string}\"},\"query-input\":{\"@type\":\"PropertyValueSpecification\",\"valueRequired\":true,\"valueName\":\"search_term_string\"}}],\"inLanguage\":\"es\"},{\"@type\":\"Organization\",\"@id\":\"https:\\\/\\\/www.leroux.com\\\/es\\\/#organization\",\"name\":\"Chicor\u00e9e Leroux\",\"url\":\"https:\\\/\\\/www.leroux.com\\\/es\\\/\",\"logo\":{\"@type\":\"ImageObject\",\"inLanguage\":\"es\",\"@id\":\"https:\\\/\\\/www.leroux.com\\\/es\\\/#\\\/schema\\\/logo\\\/image\\\/\",\"url\":\"https:\\\/\\\/www.leroux.com\\\/wp-content\\\/uploads\\\/2023\\\/07\\\/screenshot.png\",\"contentUrl\":\"https:\\\/\\\/www.leroux.com\\\/wp-content\\\/uploads\\\/2023\\\/07\\\/screenshot.png\",\"width\":880,\"height\":660,\"caption\":\"Chicor\u00e9e Leroux\"},\"image\":{\"@id\":\"https:\\\/\\\/www.leroux.com\\\/es\\\/#\\\/schema\\\/logo\\\/image\\\/\"},\"sameAs\":[\"https:\\\/\\\/www.facebook.com\\\/chicoreeleroux\",\"https:\\\/\\\/x.com\\\/Chicoree_Leroux\",\"https:\\\/\\\/www.instagram.com\\\/chicoree_leroux\"]}]}<\/script>\n<!-- \/ Yoast SEO plugin. -->","yoast_head_json":{"title":"Le Ch'ti No\u00ebl - Chicor\u00e9e Leroux | Chicor\u00e9e Leroux","description":"El jab\u00f3n Ch'ti No\u00ebl es fruto de una colaboraci\u00f3n local y responsable entre Savonnable y Chicor\u00e9e Leroux, enriquecido con extractos de achicoria.","robots":{"index":"index","follow":"follow","max-snippet":"max-snippet:-1","max-image-preview":"max-image-preview:large","max-video-preview":"max-video-preview:-1"},"canonical":"https:\/\/www.leroux.com\/es\/produits\/le-chti-noel-chicoree-leroux\/","og_locale":"es_ES","og_type":"article","og_title":"Le Ch'ti No\u00ebl - Chicor\u00e9e Leroux | Chicor\u00e9e Leroux","og_description":"El jab\u00f3n Ch'ti No\u00ebl es fruto de una colaboraci\u00f3n local y responsable entre Savonnable y Chicor\u00e9e Leroux, enriquecido con extractos de achicoria.","og_url":"https:\/\/www.leroux.com\/es\/produits\/le-chti-noel-chicoree-leroux\/","og_site_name":"Chicor\u00e9e Leroux","article_publisher":"https:\/\/www.facebook.com\/chicoreeleroux","article_modified_time":"2026-03-04T16:05:32+00:00","og_image":[{"width":500,"height":500,"url":"https:\/\/www.leroux.com\/wp-content\/uploads\/2024\/11\/chti-noel-leroux-09557-1.jpg","type":"image\/jpeg"}],"twitter_card":"summary_large_image","twitter_site":"@Chicoree_Leroux","schema":{"@context":"https:\/\/schema.org","@graph":[{"@type":"WebPage","@id":"https:\/\/www.leroux.com\/es\/produits\/le-chti-noel-chicoree-leroux\/","url":"https:\/\/www.leroux.com\/es\/produits\/le-chti-noel-chicoree-leroux\/","name":"Le Ch'ti No\u00ebl - Chicor\u00e9e Leroux | Chicor\u00e9e Leroux","isPartOf":{"@id":"https:\/\/www.leroux.com\/es\/#website"},"primaryImageOfPage":{"@id":"https:\/\/www.leroux.com\/es\/produits\/le-chti-noel-chicoree-leroux\/#primaryimage"},"image":{"@id":"https:\/\/www.leroux.com\/es\/produits\/le-chti-noel-chicoree-leroux\/#primaryimage"},"thumbnailUrl":"https:\/\/www.leroux.com\/wp-content\/uploads\/2024\/11\/chti-noel-leroux-09557-1.jpg","datePublished":"2024-11-21T08:03:23+00:00","dateModified":"2026-03-04T16:05:32+00:00","description":"El jab\u00f3n Ch'ti No\u00ebl es fruto de una colaboraci\u00f3n local y responsable entre Savonnable y Chicor\u00e9e Leroux, enriquecido con extractos de achicoria.","breadcrumb":{"@id":"https:\/\/www.leroux.com\/es\/produits\/le-chti-noel-chicoree-leroux\/#breadcrumb"},"inLanguage":"es","potentialAction":[{"@type":"ReadAction","target":["https:\/\/www.leroux.com\/es\/produits\/le-chti-noel-chicoree-leroux\/"]}]},{"@type":"ImageObject","inLanguage":"es","@id":"https:\/\/www.leroux.com\/es\/produits\/le-chti-noel-chicoree-leroux\/#primaryimage","url":"https:\/\/www.leroux.com\/wp-content\/uploads\/2024\/11\/chti-noel-leroux-09557-1.jpg","contentUrl":"https:\/\/www.leroux.com\/wp-content\/uploads\/2024\/11\/chti-noel-leroux-09557-1.jpg","width":500,"height":500,"caption":"Savon ch'ti noel chicor\u00e9e leroux"},{"@type":"BreadcrumbList","@id":"https:\/\/www.leroux.com\/es\/produits\/le-chti-noel-chicoree-leroux\/#breadcrumb","itemListElement":[{"@type":"ListItem","position":1,"name":"Home","item":"https:\/\/www.leroux.com\/es\/inicio\/"},{"@type":"ListItem","position":2,"name":"Nos produits, boissons chaudes\/froides","item":"https:\/\/www.leroux.com\/produits\/"},{"@type":"ListItem","position":3,"name":"Le Ch&#8217;ti No\u00ebl &#8211; Chicor\u00e9e Leroux"}]},{"@type":"WebSite","@id":"https:\/\/www.leroux.com\/es\/#website","url":"https:\/\/www.leroux.com\/es\/","name":"Chicor\u00e9e Leroux","description":"Du r\u00e9confort depuis 1858","publisher":{"@id":"https:\/\/www.leroux.com\/es\/#organization"},"potentialAction":[{"@type":"SearchAction","target":{"@type":"EntryPoint","urlTemplate":"https:\/\/www.leroux.com\/es\/?s={search_term_string}"},"query-input":{"@type":"PropertyValueSpecification","valueRequired":true,"valueName":"search_term_string"}}],"inLanguage":"es"},{"@type":"Organization","@id":"https:\/\/www.leroux.com\/es\/#organization","name":"Chicor\u00e9e Leroux","url":"https:\/\/www.leroux.com\/es\/","logo":{"@type":"ImageObject","inLanguage":"es","@id":"https:\/\/www.leroux.com\/es\/#\/schema\/logo\/image\/","url":"https:\/\/www.leroux.com\/wp-content\/uploads\/2023\/07\/screenshot.png","contentUrl":"https:\/\/www.leroux.com\/wp-content\/uploads\/2023\/07\/screenshot.png","width":880,"height":660,"caption":"Chicor\u00e9e Leroux"},"image":{"@id":"https:\/\/www.leroux.com\/es\/#\/schema\/logo\/image\/"},"sameAs":["https:\/\/www.facebook.com\/chicoreeleroux","https:\/\/x.com\/Chicoree_Leroux","https:\/\/www.instagram.com\/chicoree_leroux"]}]}},"_links":{"self":[{"href":"https:\/\/www.leroux.com\/es\/wp-json\/wp\/v2\/product\/698183","targetHints":{"allow":["GET"]}}],"collection":[{"href":"https:\/\/www.leroux.com\/es\/wp-json\/wp\/v2\/product"}],"about":[{"href":"https:\/\/www.leroux.com\/es\/wp-json\/wp\/v2\/types\/product"}],"wp:featuredmedia":[{"embeddable":true,"href":"https:\/\/www.leroux.com\/es\/wp-json\/wp\/v2\/media\/698182"}],"wp:attachment":[{"href":"https:\/\/www.leroux.com\/es\/wp-json\/wp\/v2\/media?parent=698183"}],"wp:term":[{"taxonomy":"product_brand","embeddable":true,"href":"https:\/\/www.leroux.com\/es\/wp-json\/wp\/v2\/product_brand?post=698183"},{"taxonomy":"product_cat","embeddable":true,"href":"https:\/\/www.leroux.com\/es\/wp-json\/wp\/v2\/product_cat?post=698183"},{"taxonomy":"product_tag","embeddable":true,"href":"https:\/\/www.leroux.com\/es\/wp-json\/wp\/v2\/product_tag?post=698183"}],"curies":[{"name":"wp","href":"https:\/\/api.w.org\/{rel}","templated":true}]}}