{"id":698146,"date":"2025-11-14T14:00:13","date_gmt":"2025-11-14T13:00:13","guid":{"rendered":"https:\/\/www.leroux.com\/produits\/caja-de-metal-chicory-leroux\/"},"modified":"2026-03-04T17:05:56","modified_gmt":"2026-03-04T16:05:56","slug":"caja-de-metal-chicory-leroux","status":"publish","type":"product","link":"https:\/\/www.leroux.com\/es\/produits\/caja-de-metal-chicory-leroux\/","title":{"rendered":"Caja de metal Chicory Leroux"},"content":{"rendered":"","protected":false},"excerpt":{"rendered":"<h4>Descripci\u00f3n<\/h4>\n<p>La lata de achicoria Leroux es mucho m\u00e1s que un simple almac\u00e9n.<br aria-hidden=\"true\">Dise\u00f1ado para guardar tus jud\u00edas de achicoria sanas y salvas, tambi\u00e9n se presta a otros mil usos cotidianos. Robusto, pr\u00e1ctico y adornado con el emblem\u00e1tico visual, encontrar\u00e1 un lugar natural en tu cocina o en una estanter\u00eda, como un gui\u00f1o a una historia aut\u00e9ntica.<br aria-hidden=\"true\">El toque vintage y funcional perfecto que le faltaba a la decoraci\u00f3n de tu casa. <\/p>\n","protected":false},"featured_media":693703,"template":"","meta":{"_acf_changed":false,"inline_featured_image":false},"product_brand":[],"product_cat":[162],"product_tag":[],"class_list":{"0":"post-698146","1":"product","2":"type-product","3":"status-publish","4":"has-post-thumbnail","6":"product_cat-coleccion","8":"first","9":"instock","10":"taxable","11":"shipping-taxable","12":"purchasable","13":"product-type-variable"},"acf":[],"yoast_head":"<!-- This site is optimized with the Yoast SEO plugin v27.5 - https:\/\/yoast.com\/product\/yoast-seo-wordpress\/ -->\n<title>Caja de metal Chicory Leroux | Chicor\u00e9e Leroux<\/title>\n<meta name=\"description\" content=\"Descubre la Lata de Achicoria Leroux, perfecta para guardar tus achicorias favoritas. \u00a1Elige un almacenamiento elegante y pr\u00e1ctico!\" \/>\n<meta name=\"robots\" content=\"index, follow, max-snippet:-1, max-image-preview:large, max-video-preview:-1\" \/>\n<link rel=\"canonical\" href=\"https:\/\/www.leroux.com\/es\/produits\/caja-de-metal-chicory-leroux\/\" \/>\n<meta property=\"og:locale\" content=\"es_ES\" \/>\n<meta property=\"og:type\" content=\"article\" \/>\n<meta property=\"og:title\" content=\"Caja de metal Chicory Leroux | Chicor\u00e9e Leroux\" \/>\n<meta property=\"og:description\" content=\"Descubre la Lata de Achicoria Leroux, perfecta para guardar tus achicorias favoritas. \u00a1Elige un almacenamiento elegante y pr\u00e1ctico!\" \/>\n<meta property=\"og:url\" content=\"https:\/\/www.leroux.com\/es\/produits\/caja-de-metal-chicory-leroux\/\" \/>\n<meta property=\"og:site_name\" content=\"Chicor\u00e9e Leroux\" \/>\n<meta property=\"article:publisher\" content=\"https:\/\/www.facebook.com\/chicoreeleroux\" \/>\n<meta property=\"article:modified_time\" content=\"2026-03-04T16:05:56+00:00\" \/>\n<meta property=\"og:image\" content=\"https:\/\/www.leroux.com\/wp-content\/uploads\/2025\/10\/img-9653-1-scaled.jpg\" \/>\n\t<meta property=\"og:image:width\" content=\"1945\" \/>\n\t<meta property=\"og:image:height\" content=\"2560\" \/>\n\t<meta property=\"og:image:type\" content=\"image\/jpeg\" \/>\n<meta name=\"twitter:card\" content=\"summary_large_image\" \/>\n<meta name=\"twitter:site\" content=\"@Chicoree_Leroux\" \/>\n<script type=\"application\/ld+json\" class=\"yoast-schema-graph\">{\"@context\":\"https:\\\/\\\/schema.org\",\"@graph\":[{\"@type\":\"WebPage\",\"@id\":\"https:\\\/\\\/www.leroux.com\\\/es\\\/produits\\\/caja-de-metal-chicory-leroux\\\/\",\"url\":\"https:\\\/\\\/www.leroux.com\\\/es\\\/produits\\\/caja-de-metal-chicory-leroux\\\/\",\"name\":\"Caja de metal Chicory Leroux | Chicor\u00e9e Leroux\",\"isPartOf\":{\"@id\":\"https:\\\/\\\/www.leroux.com\\\/es\\\/#website\"},\"primaryImageOfPage\":{\"@id\":\"https:\\\/\\\/www.leroux.com\\\/es\\\/produits\\\/caja-de-metal-chicory-leroux\\\/#primaryimage\"},\"image\":{\"@id\":\"https:\\\/\\\/www.leroux.com\\\/es\\\/produits\\\/caja-de-metal-chicory-leroux\\\/#primaryimage\"},\"thumbnailUrl\":\"https:\\\/\\\/www.leroux.com\\\/wp-content\\\/uploads\\\/2025\\\/10\\\/img-9653-1-scaled.jpg\",\"datePublished\":\"2025-11-14T13:00:13+00:00\",\"dateModified\":\"2026-03-04T16:05:56+00:00\",\"description\":\"Descubre la Lata de Achicoria Leroux, perfecta para guardar tus achicorias favoritas. \u00a1Elige un almacenamiento elegante y pr\u00e1ctico!\",\"breadcrumb\":{\"@id\":\"https:\\\/\\\/www.leroux.com\\\/es\\\/produits\\\/caja-de-metal-chicory-leroux\\\/#breadcrumb\"},\"inLanguage\":\"es\",\"potentialAction\":[{\"@type\":\"ReadAction\",\"target\":[\"https:\\\/\\\/www.leroux.com\\\/es\\\/produits\\\/caja-de-metal-chicory-leroux\\\/\"]}]},{\"@type\":\"ImageObject\",\"inLanguage\":\"es\",\"@id\":\"https:\\\/\\\/www.leroux.com\\\/es\\\/produits\\\/caja-de-metal-chicory-leroux\\\/#primaryimage\",\"url\":\"https:\\\/\\\/www.leroux.com\\\/wp-content\\\/uploads\\\/2025\\\/10\\\/img-9653-1-scaled.jpg\",\"contentUrl\":\"https:\\\/\\\/www.leroux.com\\\/wp-content\\\/uploads\\\/2025\\\/10\\\/img-9653-1-scaled.jpg\",\"width\":1945,\"height\":2560,\"caption\":\"Produits Boite m\u00e9tal de rangement rouge et rose\"},{\"@type\":\"BreadcrumbList\",\"@id\":\"https:\\\/\\\/www.leroux.com\\\/es\\\/produits\\\/caja-de-metal-chicory-leroux\\\/#breadcrumb\",\"itemListElement\":[{\"@type\":\"ListItem\",\"position\":1,\"name\":\"Home\",\"item\":\"https:\\\/\\\/www.leroux.com\\\/es\\\/inicio\\\/\"},{\"@type\":\"ListItem\",\"position\":2,\"name\":\"Nos produits, boissons chaudes\\\/froides\",\"item\":\"https:\\\/\\\/www.leroux.com\\\/produits\\\/\"},{\"@type\":\"ListItem\",\"position\":3,\"name\":\"Caja de metal Chicory Leroux\"}]},{\"@type\":\"WebSite\",\"@id\":\"https:\\\/\\\/www.leroux.com\\\/es\\\/#website\",\"url\":\"https:\\\/\\\/www.leroux.com\\\/es\\\/\",\"name\":\"Chicor\u00e9e Leroux\",\"description\":\"Du r\u00e9confort depuis 1858\",\"publisher\":{\"@id\":\"https:\\\/\\\/www.leroux.com\\\/es\\\/#organization\"},\"potentialAction\":[{\"@type\":\"SearchAction\",\"target\":{\"@type\":\"EntryPoint\",\"urlTemplate\":\"https:\\\/\\\/www.leroux.com\\\/es\\\/?s={search_term_string}\"},\"query-input\":{\"@type\":\"PropertyValueSpecification\",\"valueRequired\":true,\"valueName\":\"search_term_string\"}}],\"inLanguage\":\"es\"},{\"@type\":\"Organization\",\"@id\":\"https:\\\/\\\/www.leroux.com\\\/es\\\/#organization\",\"name\":\"Chicor\u00e9e Leroux\",\"url\":\"https:\\\/\\\/www.leroux.com\\\/es\\\/\",\"logo\":{\"@type\":\"ImageObject\",\"inLanguage\":\"es\",\"@id\":\"https:\\\/\\\/www.leroux.com\\\/es\\\/#\\\/schema\\\/logo\\\/image\\\/\",\"url\":\"https:\\\/\\\/www.leroux.com\\\/wp-content\\\/uploads\\\/2023\\\/07\\\/screenshot.png\",\"contentUrl\":\"https:\\\/\\\/www.leroux.com\\\/wp-content\\\/uploads\\\/2023\\\/07\\\/screenshot.png\",\"width\":880,\"height\":660,\"caption\":\"Chicor\u00e9e Leroux\"},\"image\":{\"@id\":\"https:\\\/\\\/www.leroux.com\\\/es\\\/#\\\/schema\\\/logo\\\/image\\\/\"},\"sameAs\":[\"https:\\\/\\\/www.facebook.com\\\/chicoreeleroux\",\"https:\\\/\\\/x.com\\\/Chicoree_Leroux\",\"https:\\\/\\\/www.instagram.com\\\/chicoree_leroux\"]}]}<\/script>\n<!-- \/ Yoast SEO plugin. -->","yoast_head_json":{"title":"Caja de metal Chicory Leroux | Chicor\u00e9e Leroux","description":"Descubre la Lata de Achicoria Leroux, perfecta para guardar tus achicorias favoritas. \u00a1Elige un almacenamiento elegante y pr\u00e1ctico!","robots":{"index":"index","follow":"follow","max-snippet":"max-snippet:-1","max-image-preview":"max-image-preview:large","max-video-preview":"max-video-preview:-1"},"canonical":"https:\/\/www.leroux.com\/es\/produits\/caja-de-metal-chicory-leroux\/","og_locale":"es_ES","og_type":"article","og_title":"Caja de metal Chicory Leroux | Chicor\u00e9e Leroux","og_description":"Descubre la Lata de Achicoria Leroux, perfecta para guardar tus achicorias favoritas. \u00a1Elige un almacenamiento elegante y pr\u00e1ctico!","og_url":"https:\/\/www.leroux.com\/es\/produits\/caja-de-metal-chicory-leroux\/","og_site_name":"Chicor\u00e9e Leroux","article_publisher":"https:\/\/www.facebook.com\/chicoreeleroux","article_modified_time":"2026-03-04T16:05:56+00:00","og_image":[{"width":1945,"height":2560,"url":"https:\/\/www.leroux.com\/wp-content\/uploads\/2025\/10\/img-9653-1-scaled.jpg","type":"image\/jpeg"}],"twitter_card":"summary_large_image","twitter_site":"@Chicoree_Leroux","schema":{"@context":"https:\/\/schema.org","@graph":[{"@type":"WebPage","@id":"https:\/\/www.leroux.com\/es\/produits\/caja-de-metal-chicory-leroux\/","url":"https:\/\/www.leroux.com\/es\/produits\/caja-de-metal-chicory-leroux\/","name":"Caja de metal Chicory Leroux | Chicor\u00e9e Leroux","isPartOf":{"@id":"https:\/\/www.leroux.com\/es\/#website"},"primaryImageOfPage":{"@id":"https:\/\/www.leroux.com\/es\/produits\/caja-de-metal-chicory-leroux\/#primaryimage"},"image":{"@id":"https:\/\/www.leroux.com\/es\/produits\/caja-de-metal-chicory-leroux\/#primaryimage"},"thumbnailUrl":"https:\/\/www.leroux.com\/wp-content\/uploads\/2025\/10\/img-9653-1-scaled.jpg","datePublished":"2025-11-14T13:00:13+00:00","dateModified":"2026-03-04T16:05:56+00:00","description":"Descubre la Lata de Achicoria Leroux, perfecta para guardar tus achicorias favoritas. \u00a1Elige un almacenamiento elegante y pr\u00e1ctico!","breadcrumb":{"@id":"https:\/\/www.leroux.com\/es\/produits\/caja-de-metal-chicory-leroux\/#breadcrumb"},"inLanguage":"es","potentialAction":[{"@type":"ReadAction","target":["https:\/\/www.leroux.com\/es\/produits\/caja-de-metal-chicory-leroux\/"]}]},{"@type":"ImageObject","inLanguage":"es","@id":"https:\/\/www.leroux.com\/es\/produits\/caja-de-metal-chicory-leroux\/#primaryimage","url":"https:\/\/www.leroux.com\/wp-content\/uploads\/2025\/10\/img-9653-1-scaled.jpg","contentUrl":"https:\/\/www.leroux.com\/wp-content\/uploads\/2025\/10\/img-9653-1-scaled.jpg","width":1945,"height":2560,"caption":"Produits Boite m\u00e9tal de rangement rouge et rose"},{"@type":"BreadcrumbList","@id":"https:\/\/www.leroux.com\/es\/produits\/caja-de-metal-chicory-leroux\/#breadcrumb","itemListElement":[{"@type":"ListItem","position":1,"name":"Home","item":"https:\/\/www.leroux.com\/es\/inicio\/"},{"@type":"ListItem","position":2,"name":"Nos produits, boissons chaudes\/froides","item":"https:\/\/www.leroux.com\/produits\/"},{"@type":"ListItem","position":3,"name":"Caja de metal Chicory Leroux"}]},{"@type":"WebSite","@id":"https:\/\/www.leroux.com\/es\/#website","url":"https:\/\/www.leroux.com\/es\/","name":"Chicor\u00e9e Leroux","description":"Du r\u00e9confort depuis 1858","publisher":{"@id":"https:\/\/www.leroux.com\/es\/#organization"},"potentialAction":[{"@type":"SearchAction","target":{"@type":"EntryPoint","urlTemplate":"https:\/\/www.leroux.com\/es\/?s={search_term_string}"},"query-input":{"@type":"PropertyValueSpecification","valueRequired":true,"valueName":"search_term_string"}}],"inLanguage":"es"},{"@type":"Organization","@id":"https:\/\/www.leroux.com\/es\/#organization","name":"Chicor\u00e9e Leroux","url":"https:\/\/www.leroux.com\/es\/","logo":{"@type":"ImageObject","inLanguage":"es","@id":"https:\/\/www.leroux.com\/es\/#\/schema\/logo\/image\/","url":"https:\/\/www.leroux.com\/wp-content\/uploads\/2023\/07\/screenshot.png","contentUrl":"https:\/\/www.leroux.com\/wp-content\/uploads\/2023\/07\/screenshot.png","width":880,"height":660,"caption":"Chicor\u00e9e Leroux"},"image":{"@id":"https:\/\/www.leroux.com\/es\/#\/schema\/logo\/image\/"},"sameAs":["https:\/\/www.facebook.com\/chicoreeleroux","https:\/\/x.com\/Chicoree_Leroux","https:\/\/www.instagram.com\/chicoree_leroux"]}]}},"_links":{"self":[{"href":"https:\/\/www.leroux.com\/es\/wp-json\/wp\/v2\/product\/698146","targetHints":{"allow":["GET"]}}],"collection":[{"href":"https:\/\/www.leroux.com\/es\/wp-json\/wp\/v2\/product"}],"about":[{"href":"https:\/\/www.leroux.com\/es\/wp-json\/wp\/v2\/types\/product"}],"wp:featuredmedia":[{"embeddable":true,"href":"https:\/\/www.leroux.com\/es\/wp-json\/wp\/v2\/media\/693703"}],"wp:attachment":[{"href":"https:\/\/www.leroux.com\/es\/wp-json\/wp\/v2\/media?parent=698146"}],"wp:term":[{"taxonomy":"product_brand","embeddable":true,"href":"https:\/\/www.leroux.com\/es\/wp-json\/wp\/v2\/product_brand?post=698146"},{"taxonomy":"product_cat","embeddable":true,"href":"https:\/\/www.leroux.com\/es\/wp-json\/wp\/v2\/product_cat?post=698146"},{"taxonomy":"product_tag","embeddable":true,"href":"https:\/\/www.leroux.com\/es\/wp-json\/wp\/v2\/product_tag?post=698146"}],"curies":[{"name":"wp","href":"https:\/\/api.w.org\/{rel}","templated":true}]}}