{"id":698134,"date":"2026-01-22T15:01:16","date_gmt":"2026-01-22T14:01:16","guid":{"rendered":"https:\/\/www.leroux.com\/produits\/pack-cuidar-de-ti-mismo\/"},"modified":"2026-03-04T17:06:05","modified_gmt":"2026-03-04T16:06:05","slug":"pack-cuidar-de-ti-mismo","status":"publish","type":"product","link":"https:\/\/www.leroux.com\/es\/produits\/pack-cuidar-de-ti-mismo\/","title":{"rendered":"Pack \u00abCuidar de ti mismo"},"content":{"rendered":"","protected":false},"excerpt":{"rendered":"<h4>Descripci\u00f3n<\/h4>\n<div>\u00a1Empieza el a\u00f1o cuid\u00e1ndote con el pack de achicoria \u00abcu\u00eddate\u00bb!<\/div>\n<ul>\n<li>Infusi\u00f3n Digest: una mezcla de achicoria, melisa, cilantro y alcaravea &#8211; 100% vegetal, sin aromas a\u00f1adidos, \u00a1para una digesti\u00f3n \u00f3ptima despu\u00e9s de las fiestas!<\/li>\n<li>El jab\u00f3n exfoliante Nature: exfoliante gracias a la marga de achicoria, \u00a1para un a\u00f1o de piel suave!<\/li>\n<li>La taza de achicoria Leroux: \u00a1pr\u00e1ctica y especialmente dise\u00f1ada para disfrutar de la achicoria!<\/li>\n<\/ul>\n<div>Consejos de preparaci\u00f3n :<\/div>\n<ul class=\"p-rich_text_list p-rich_text_list__bullet p-rich_text_list--nested\" data-stringify-type=\"unordered-list\" data-list-tree=\"true\" data-indent=\"0\" data-border=\"0\">\n<li data-stringify-indent=\"0\" data-stringify-border=\"0\">Infusi\u00f3n Digest: infusiona un sobre en 200 ml de agua a 90\u00b0C durante 4 a 6 minutos.<\/li>\n<\/ul>\n","protected":false},"featured_media":698112,"template":"","meta":{"_acf_changed":false,"inline_featured_image":false},"product_brand":[],"product_cat":[162],"product_tag":[159],"class_list":{"0":"post-698134","1":"product","2":"type-product","3":"status-publish","4":"has-post-thumbnail","6":"product_cat-coleccion","7":"product_tag-nuevo-en","9":"first","10":"instock","11":"taxable","12":"shipping-taxable","13":"purchasable","14":"product-type-simple"},"acf":[],"yoast_head":"<!-- This site is optimized with the Yoast SEO plugin v27.5 - https:\/\/yoast.com\/product\/yoast-seo-wordpress\/ -->\n<title>Pack &quot;Cu\u00eddate&quot; para todas tus necesidades %sepsitename%%<\/title>\n<meta name=\"description\" content=\"Descubre nuestro pack &quot;cu\u00eddate&quot; para un bienestar \u00f3ptimo. \u00a1Reg\u00e1late hoy mismo un momento de relajaci\u00f3n inolvidable!\" \/>\n<meta name=\"robots\" content=\"index, follow, max-snippet:-1, max-image-preview:large, max-video-preview:-1\" \/>\n<link rel=\"canonical\" href=\"https:\/\/www.leroux.com\/es\/produits\/pack-cuidar-de-ti-mismo\/\" \/>\n<meta property=\"og:locale\" content=\"es_ES\" \/>\n<meta property=\"og:type\" content=\"article\" \/>\n<meta property=\"og:title\" content=\"Pack &quot;Cu\u00eddate&quot; para todas tus necesidades %sepsitename%%\" \/>\n<meta property=\"og:description\" content=\"Descubre nuestro pack &quot;cu\u00eddate&quot; para un bienestar \u00f3ptimo. \u00a1Reg\u00e1late hoy mismo un momento de relajaci\u00f3n inolvidable!\" \/>\n<meta property=\"og:url\" content=\"https:\/\/www.leroux.com\/es\/produits\/pack-cuidar-de-ti-mismo\/\" \/>\n<meta property=\"og:site_name\" content=\"Chicor\u00e9e Leroux\" \/>\n<meta property=\"article:publisher\" content=\"https:\/\/www.facebook.com\/chicoreeleroux\" \/>\n<meta property=\"article:modified_time\" content=\"2026-03-04T16:06:05+00:00\" \/>\n<meta property=\"og:image\" content=\"https:\/\/www.leroux.com\/wp-content\/uploads\/2026\/01\/pack-prendre-soin-de-soi.png\" \/>\n\t<meta property=\"og:image:width\" content=\"1654\" \/>\n\t<meta property=\"og:image:height\" content=\"1654\" \/>\n\t<meta property=\"og:image:type\" content=\"image\/png\" \/>\n<meta name=\"twitter:card\" content=\"summary_large_image\" \/>\n<meta name=\"twitter:site\" content=\"@Chicoree_Leroux\" \/>\n<script type=\"application\/ld+json\" class=\"yoast-schema-graph\">{\"@context\":\"https:\\\/\\\/schema.org\",\"@graph\":[{\"@type\":\"WebPage\",\"@id\":\"https:\\\/\\\/www.leroux.com\\\/es\\\/produits\\\/pack-cuidar-de-ti-mismo\\\/\",\"url\":\"https:\\\/\\\/www.leroux.com\\\/es\\\/produits\\\/pack-cuidar-de-ti-mismo\\\/\",\"name\":\"Pack \\\"Cu\u00eddate\\\" para todas tus necesidades %sepsitename%%\",\"isPartOf\":{\"@id\":\"https:\\\/\\\/www.leroux.com\\\/es\\\/#website\"},\"primaryImageOfPage\":{\"@id\":\"https:\\\/\\\/www.leroux.com\\\/es\\\/produits\\\/pack-cuidar-de-ti-mismo\\\/#primaryimage\"},\"image\":{\"@id\":\"https:\\\/\\\/www.leroux.com\\\/es\\\/produits\\\/pack-cuidar-de-ti-mismo\\\/#primaryimage\"},\"thumbnailUrl\":\"https:\\\/\\\/www.leroux.com\\\/wp-content\\\/uploads\\\/2026\\\/01\\\/pack-prendre-soin-de-soi.png\",\"datePublished\":\"2026-01-22T14:01:16+00:00\",\"dateModified\":\"2026-03-04T16:06:05+00:00\",\"description\":\"Descubre nuestro pack \\\"cu\u00eddate\\\" para un bienestar \u00f3ptimo. \u00a1Reg\u00e1late hoy mismo un momento de relajaci\u00f3n inolvidable!\",\"breadcrumb\":{\"@id\":\"https:\\\/\\\/www.leroux.com\\\/es\\\/produits\\\/pack-cuidar-de-ti-mismo\\\/#breadcrumb\"},\"inLanguage\":\"es\",\"potentialAction\":[{\"@type\":\"ReadAction\",\"target\":[\"https:\\\/\\\/www.leroux.com\\\/es\\\/produits\\\/pack-cuidar-de-ti-mismo\\\/\"]}]},{\"@type\":\"ImageObject\",\"inLanguage\":\"es\",\"@id\":\"https:\\\/\\\/www.leroux.com\\\/es\\\/produits\\\/pack-cuidar-de-ti-mismo\\\/#primaryimage\",\"url\":\"https:\\\/\\\/www.leroux.com\\\/wp-content\\\/uploads\\\/2026\\\/01\\\/pack-prendre-soin-de-soi.png\",\"contentUrl\":\"https:\\\/\\\/www.leroux.com\\\/wp-content\\\/uploads\\\/2026\\\/01\\\/pack-prendre-soin-de-soi.png\",\"width\":1654,\"height\":1654,\"caption\":\"Pack \\\"prendre soin de soi\\\"\"},{\"@type\":\"BreadcrumbList\",\"@id\":\"https:\\\/\\\/www.leroux.com\\\/es\\\/produits\\\/pack-cuidar-de-ti-mismo\\\/#breadcrumb\",\"itemListElement\":[{\"@type\":\"ListItem\",\"position\":1,\"name\":\"Home\",\"item\":\"https:\\\/\\\/www.leroux.com\\\/es\\\/inicio\\\/\"},{\"@type\":\"ListItem\",\"position\":2,\"name\":\"Nos produits, boissons chaudes\\\/froides\",\"item\":\"https:\\\/\\\/www.leroux.com\\\/produits\\\/\"},{\"@type\":\"ListItem\",\"position\":3,\"name\":\"Pack \u00abCuidar de ti mismo\"}]},{\"@type\":\"WebSite\",\"@id\":\"https:\\\/\\\/www.leroux.com\\\/es\\\/#website\",\"url\":\"https:\\\/\\\/www.leroux.com\\\/es\\\/\",\"name\":\"Chicor\u00e9e Leroux\",\"description\":\"Du r\u00e9confort depuis 1858\",\"publisher\":{\"@id\":\"https:\\\/\\\/www.leroux.com\\\/es\\\/#organization\"},\"potentialAction\":[{\"@type\":\"SearchAction\",\"target\":{\"@type\":\"EntryPoint\",\"urlTemplate\":\"https:\\\/\\\/www.leroux.com\\\/es\\\/?s={search_term_string}\"},\"query-input\":{\"@type\":\"PropertyValueSpecification\",\"valueRequired\":true,\"valueName\":\"search_term_string\"}}],\"inLanguage\":\"es\"},{\"@type\":\"Organization\",\"@id\":\"https:\\\/\\\/www.leroux.com\\\/es\\\/#organization\",\"name\":\"Chicor\u00e9e Leroux\",\"url\":\"https:\\\/\\\/www.leroux.com\\\/es\\\/\",\"logo\":{\"@type\":\"ImageObject\",\"inLanguage\":\"es\",\"@id\":\"https:\\\/\\\/www.leroux.com\\\/es\\\/#\\\/schema\\\/logo\\\/image\\\/\",\"url\":\"https:\\\/\\\/www.leroux.com\\\/wp-content\\\/uploads\\\/2023\\\/07\\\/screenshot.png\",\"contentUrl\":\"https:\\\/\\\/www.leroux.com\\\/wp-content\\\/uploads\\\/2023\\\/07\\\/screenshot.png\",\"width\":880,\"height\":660,\"caption\":\"Chicor\u00e9e Leroux\"},\"image\":{\"@id\":\"https:\\\/\\\/www.leroux.com\\\/es\\\/#\\\/schema\\\/logo\\\/image\\\/\"},\"sameAs\":[\"https:\\\/\\\/www.facebook.com\\\/chicoreeleroux\",\"https:\\\/\\\/x.com\\\/Chicoree_Leroux\",\"https:\\\/\\\/www.instagram.com\\\/chicoree_leroux\"]}]}<\/script>\n<!-- \/ Yoast SEO plugin. -->","yoast_head_json":{"title":"Pack \"Cu\u00eddate\" para todas tus necesidades %sepsitename%%","description":"Descubre nuestro pack \"cu\u00eddate\" para un bienestar \u00f3ptimo. \u00a1Reg\u00e1late hoy mismo un momento de relajaci\u00f3n inolvidable!","robots":{"index":"index","follow":"follow","max-snippet":"max-snippet:-1","max-image-preview":"max-image-preview:large","max-video-preview":"max-video-preview:-1"},"canonical":"https:\/\/www.leroux.com\/es\/produits\/pack-cuidar-de-ti-mismo\/","og_locale":"es_ES","og_type":"article","og_title":"Pack \"Cu\u00eddate\" para todas tus necesidades %sepsitename%%","og_description":"Descubre nuestro pack \"cu\u00eddate\" para un bienestar \u00f3ptimo. \u00a1Reg\u00e1late hoy mismo un momento de relajaci\u00f3n inolvidable!","og_url":"https:\/\/www.leroux.com\/es\/produits\/pack-cuidar-de-ti-mismo\/","og_site_name":"Chicor\u00e9e Leroux","article_publisher":"https:\/\/www.facebook.com\/chicoreeleroux","article_modified_time":"2026-03-04T16:06:05+00:00","og_image":[{"width":1654,"height":1654,"url":"https:\/\/www.leroux.com\/wp-content\/uploads\/2026\/01\/pack-prendre-soin-de-soi.png","type":"image\/png"}],"twitter_card":"summary_large_image","twitter_site":"@Chicoree_Leroux","schema":{"@context":"https:\/\/schema.org","@graph":[{"@type":"WebPage","@id":"https:\/\/www.leroux.com\/es\/produits\/pack-cuidar-de-ti-mismo\/","url":"https:\/\/www.leroux.com\/es\/produits\/pack-cuidar-de-ti-mismo\/","name":"Pack \"Cu\u00eddate\" para todas tus necesidades %sepsitename%%","isPartOf":{"@id":"https:\/\/www.leroux.com\/es\/#website"},"primaryImageOfPage":{"@id":"https:\/\/www.leroux.com\/es\/produits\/pack-cuidar-de-ti-mismo\/#primaryimage"},"image":{"@id":"https:\/\/www.leroux.com\/es\/produits\/pack-cuidar-de-ti-mismo\/#primaryimage"},"thumbnailUrl":"https:\/\/www.leroux.com\/wp-content\/uploads\/2026\/01\/pack-prendre-soin-de-soi.png","datePublished":"2026-01-22T14:01:16+00:00","dateModified":"2026-03-04T16:06:05+00:00","description":"Descubre nuestro pack \"cu\u00eddate\" para un bienestar \u00f3ptimo. \u00a1Reg\u00e1late hoy mismo un momento de relajaci\u00f3n inolvidable!","breadcrumb":{"@id":"https:\/\/www.leroux.com\/es\/produits\/pack-cuidar-de-ti-mismo\/#breadcrumb"},"inLanguage":"es","potentialAction":[{"@type":"ReadAction","target":["https:\/\/www.leroux.com\/es\/produits\/pack-cuidar-de-ti-mismo\/"]}]},{"@type":"ImageObject","inLanguage":"es","@id":"https:\/\/www.leroux.com\/es\/produits\/pack-cuidar-de-ti-mismo\/#primaryimage","url":"https:\/\/www.leroux.com\/wp-content\/uploads\/2026\/01\/pack-prendre-soin-de-soi.png","contentUrl":"https:\/\/www.leroux.com\/wp-content\/uploads\/2026\/01\/pack-prendre-soin-de-soi.png","width":1654,"height":1654,"caption":"Pack \"prendre soin de soi\""},{"@type":"BreadcrumbList","@id":"https:\/\/www.leroux.com\/es\/produits\/pack-cuidar-de-ti-mismo\/#breadcrumb","itemListElement":[{"@type":"ListItem","position":1,"name":"Home","item":"https:\/\/www.leroux.com\/es\/inicio\/"},{"@type":"ListItem","position":2,"name":"Nos produits, boissons chaudes\/froides","item":"https:\/\/www.leroux.com\/produits\/"},{"@type":"ListItem","position":3,"name":"Pack \u00abCuidar de ti mismo"}]},{"@type":"WebSite","@id":"https:\/\/www.leroux.com\/es\/#website","url":"https:\/\/www.leroux.com\/es\/","name":"Chicor\u00e9e Leroux","description":"Du r\u00e9confort depuis 1858","publisher":{"@id":"https:\/\/www.leroux.com\/es\/#organization"},"potentialAction":[{"@type":"SearchAction","target":{"@type":"EntryPoint","urlTemplate":"https:\/\/www.leroux.com\/es\/?s={search_term_string}"},"query-input":{"@type":"PropertyValueSpecification","valueRequired":true,"valueName":"search_term_string"}}],"inLanguage":"es"},{"@type":"Organization","@id":"https:\/\/www.leroux.com\/es\/#organization","name":"Chicor\u00e9e Leroux","url":"https:\/\/www.leroux.com\/es\/","logo":{"@type":"ImageObject","inLanguage":"es","@id":"https:\/\/www.leroux.com\/es\/#\/schema\/logo\/image\/","url":"https:\/\/www.leroux.com\/wp-content\/uploads\/2023\/07\/screenshot.png","contentUrl":"https:\/\/www.leroux.com\/wp-content\/uploads\/2023\/07\/screenshot.png","width":880,"height":660,"caption":"Chicor\u00e9e Leroux"},"image":{"@id":"https:\/\/www.leroux.com\/es\/#\/schema\/logo\/image\/"},"sameAs":["https:\/\/www.facebook.com\/chicoreeleroux","https:\/\/x.com\/Chicoree_Leroux","https:\/\/www.instagram.com\/chicoree_leroux"]}]}},"_links":{"self":[{"href":"https:\/\/www.leroux.com\/es\/wp-json\/wp\/v2\/product\/698134","targetHints":{"allow":["GET"]}}],"collection":[{"href":"https:\/\/www.leroux.com\/es\/wp-json\/wp\/v2\/product"}],"about":[{"href":"https:\/\/www.leroux.com\/es\/wp-json\/wp\/v2\/types\/product"}],"wp:featuredmedia":[{"embeddable":true,"href":"https:\/\/www.leroux.com\/es\/wp-json\/wp\/v2\/media\/698112"}],"wp:attachment":[{"href":"https:\/\/www.leroux.com\/es\/wp-json\/wp\/v2\/media?parent=698134"}],"wp:term":[{"taxonomy":"product_brand","embeddable":true,"href":"https:\/\/www.leroux.com\/es\/wp-json\/wp\/v2\/product_brand?post=698134"},{"taxonomy":"product_cat","embeddable":true,"href":"https:\/\/www.leroux.com\/es\/wp-json\/wp\/v2\/product_cat?post=698134"},{"taxonomy":"product_tag","embeddable":true,"href":"https:\/\/www.leroux.com\/es\/wp-json\/wp\/v2\/product_tag?post=698134"}],"curies":[{"name":"wp","href":"https:\/\/api.w.org\/{rel}","templated":true}]}}