{"id":697830,"date":"2023-07-23T20:46:07","date_gmt":"2023-07-23T18:46:07","guid":{"rendered":"https:\/\/www.leroux.com\/produits\/achicoria-granulada-bio-200g\/"},"modified":"2026-03-04T16:34:36","modified_gmt":"2026-03-04T15:34:36","slug":"achicoria-granulada-bio-200g","status":"publish","type":"product","link":"https:\/\/www.leroux.com\/es\/produits\/achicoria-granulada-bio-200g\/","title":{"rendered":"Achicoria granulada BIO 200G"},"content":{"rendered":"<p>Una lata grande de achicoria<\/p>\n","protected":false},"excerpt":{"rendered":"<p><span style=\"font-weight: 400;\">Esta reina de las bebidas calientes combina brillantemente redondez, fuerza y dulzura para satisfacer a los paladares m\u00e1s exigentes. Nuestros granos de achicoria ecol\u00f3gica ofrecen una alternativa perfecta al caf\u00e9, con sus sabores sutilmente tostados, sin perder ni un \u00e1pice de su car\u00e1cter distintivo. \u00a1Nos encantan sus notas marrones y su sabor \u00fanico!  <\/span><\/p>\n","protected":false},"featured_media":93729,"template":"","meta":{"_acf_changed":false,"inline_featured_image":false},"product_brand":[],"product_cat":[86],"product_tag":[],"class_list":{"0":"post-697830","1":"product","2":"type-product","3":"status-publish","4":"has-post-thumbnail","6":"product_cat-granos","8":"first","9":"instock","10":"taxable","11":"shipping-taxable","12":"purchasable","13":"product-type-simple"},"acf":[],"yoast_head":"<!-- This site is optimized with the Yoast SEO plugin v27.5 - https:\/\/yoast.com\/product\/yoast-seo-wordpress\/ -->\n<title>Achicoria granulada BIO 200G | Chicor\u00e9e Leroux<\/title>\n<meta name=\"description\" content=\"Descubre nuestros granos de achicoria ecol\u00f3gicos. Una sabrosa bebida sin cafe\u00edna, de cultivo ecol\u00f3gico. Disfruta de un momento lleno de sabor.\" \/>\n<meta name=\"robots\" content=\"index, follow, max-snippet:-1, max-image-preview:large, max-video-preview:-1\" \/>\n<link rel=\"canonical\" href=\"https:\/\/www.leroux.com\/es\/produits\/achicoria-granulada-bio-200g\/\" \/>\n<meta property=\"og:locale\" content=\"es_ES\" \/>\n<meta property=\"og:type\" content=\"article\" \/>\n<meta property=\"og:title\" content=\"Achicoria granulada BIO 200G | Chicor\u00e9e Leroux\" \/>\n<meta property=\"og:description\" content=\"Descubre nuestros granos de achicoria ecol\u00f3gicos. Una sabrosa bebida sin cafe\u00edna, de cultivo ecol\u00f3gico. Disfruta de un momento lleno de sabor.\" \/>\n<meta property=\"og:url\" content=\"https:\/\/www.leroux.com\/es\/produits\/achicoria-granulada-bio-200g\/\" \/>\n<meta property=\"og:site_name\" content=\"Chicor\u00e9e Leroux\" \/>\n<meta property=\"article:publisher\" content=\"https:\/\/www.facebook.com\/chicoreeleroux\" \/>\n<meta property=\"article:modified_time\" content=\"2026-03-04T15:34:36+00:00\" \/>\n<meta property=\"og:image\" content=\"https:\/\/www.leroux.com\/wp-content\/uploads\/2023\/07\/grain-bio.png\" \/>\n\t<meta property=\"og:image:width\" content=\"500\" \/>\n\t<meta property=\"og:image:height\" content=\"500\" \/>\n\t<meta property=\"og:image:type\" content=\"image\/png\" \/>\n<meta name=\"twitter:card\" content=\"summary_large_image\" \/>\n<meta name=\"twitter:site\" content=\"@Chicoree_Leroux\" \/>\n<script type=\"application\/ld+json\" class=\"yoast-schema-graph\">{\"@context\":\"https:\\\/\\\/schema.org\",\"@graph\":[{\"@type\":\"WebPage\",\"@id\":\"https:\\\/\\\/www.leroux.com\\\/es\\\/produits\\\/achicoria-granulada-bio-200g\\\/\",\"url\":\"https:\\\/\\\/www.leroux.com\\\/es\\\/produits\\\/achicoria-granulada-bio-200g\\\/\",\"name\":\"Achicoria granulada BIO 200G | Chicor\u00e9e Leroux\",\"isPartOf\":{\"@id\":\"https:\\\/\\\/www.leroux.com\\\/es\\\/#website\"},\"primaryImageOfPage\":{\"@id\":\"https:\\\/\\\/www.leroux.com\\\/es\\\/produits\\\/achicoria-granulada-bio-200g\\\/#primaryimage\"},\"image\":{\"@id\":\"https:\\\/\\\/www.leroux.com\\\/es\\\/produits\\\/achicoria-granulada-bio-200g\\\/#primaryimage\"},\"thumbnailUrl\":\"https:\\\/\\\/www.leroux.com\\\/wp-content\\\/uploads\\\/2023\\\/07\\\/grain-bio.png\",\"datePublished\":\"2023-07-23T18:46:07+00:00\",\"dateModified\":\"2026-03-04T15:34:36+00:00\",\"description\":\"Descubre nuestros granos de achicoria ecol\u00f3gicos. Una sabrosa bebida sin cafe\u00edna, de cultivo ecol\u00f3gico. Disfruta de un momento lleno de sabor.\",\"breadcrumb\":{\"@id\":\"https:\\\/\\\/www.leroux.com\\\/es\\\/produits\\\/achicoria-granulada-bio-200g\\\/#breadcrumb\"},\"inLanguage\":\"es\",\"potentialAction\":[{\"@type\":\"ReadAction\",\"target\":[\"https:\\\/\\\/www.leroux.com\\\/es\\\/produits\\\/achicoria-granulada-bio-200g\\\/\"]}]},{\"@type\":\"ImageObject\",\"inLanguage\":\"es\",\"@id\":\"https:\\\/\\\/www.leroux.com\\\/es\\\/produits\\\/achicoria-granulada-bio-200g\\\/#primaryimage\",\"url\":\"https:\\\/\\\/www.leroux.com\\\/wp-content\\\/uploads\\\/2023\\\/07\\\/grain-bio.png\",\"contentUrl\":\"https:\\\/\\\/www.leroux.com\\\/wp-content\\\/uploads\\\/2023\\\/07\\\/grain-bio.png\",\"width\":500,\"height\":500,\"caption\":\"Chicor\u00e9e en grain bio 250g\"},{\"@type\":\"BreadcrumbList\",\"@id\":\"https:\\\/\\\/www.leroux.com\\\/es\\\/produits\\\/achicoria-granulada-bio-200g\\\/#breadcrumb\",\"itemListElement\":[{\"@type\":\"ListItem\",\"position\":1,\"name\":\"Home\",\"item\":\"https:\\\/\\\/www.leroux.com\\\/es\\\/inicio\\\/\"},{\"@type\":\"ListItem\",\"position\":2,\"name\":\"Nos produits, boissons chaudes\\\/froides\",\"item\":\"https:\\\/\\\/www.leroux.com\\\/produits\\\/\"},{\"@type\":\"ListItem\",\"position\":3,\"name\":\"Achicoria granulada BIO 200G\"}]},{\"@type\":\"WebSite\",\"@id\":\"https:\\\/\\\/www.leroux.com\\\/es\\\/#website\",\"url\":\"https:\\\/\\\/www.leroux.com\\\/es\\\/\",\"name\":\"Chicor\u00e9e Leroux\",\"description\":\"Du r\u00e9confort depuis 1858\",\"publisher\":{\"@id\":\"https:\\\/\\\/www.leroux.com\\\/es\\\/#organization\"},\"potentialAction\":[{\"@type\":\"SearchAction\",\"target\":{\"@type\":\"EntryPoint\",\"urlTemplate\":\"https:\\\/\\\/www.leroux.com\\\/es\\\/?s={search_term_string}\"},\"query-input\":{\"@type\":\"PropertyValueSpecification\",\"valueRequired\":true,\"valueName\":\"search_term_string\"}}],\"inLanguage\":\"es\"},{\"@type\":\"Organization\",\"@id\":\"https:\\\/\\\/www.leroux.com\\\/es\\\/#organization\",\"name\":\"Chicor\u00e9e Leroux\",\"url\":\"https:\\\/\\\/www.leroux.com\\\/es\\\/\",\"logo\":{\"@type\":\"ImageObject\",\"inLanguage\":\"es\",\"@id\":\"https:\\\/\\\/www.leroux.com\\\/es\\\/#\\\/schema\\\/logo\\\/image\\\/\",\"url\":\"https:\\\/\\\/www.leroux.com\\\/wp-content\\\/uploads\\\/2023\\\/07\\\/screenshot.png\",\"contentUrl\":\"https:\\\/\\\/www.leroux.com\\\/wp-content\\\/uploads\\\/2023\\\/07\\\/screenshot.png\",\"width\":880,\"height\":660,\"caption\":\"Chicor\u00e9e Leroux\"},\"image\":{\"@id\":\"https:\\\/\\\/www.leroux.com\\\/es\\\/#\\\/schema\\\/logo\\\/image\\\/\"},\"sameAs\":[\"https:\\\/\\\/www.facebook.com\\\/chicoreeleroux\",\"https:\\\/\\\/x.com\\\/Chicoree_Leroux\",\"https:\\\/\\\/www.instagram.com\\\/chicoree_leroux\"]}]}<\/script>\n<!-- \/ Yoast SEO plugin. -->","yoast_head_json":{"title":"Achicoria granulada BIO 200G | Chicor\u00e9e Leroux","description":"Descubre nuestros granos de achicoria ecol\u00f3gicos. Una sabrosa bebida sin cafe\u00edna, de cultivo ecol\u00f3gico. Disfruta de un momento lleno de sabor.","robots":{"index":"index","follow":"follow","max-snippet":"max-snippet:-1","max-image-preview":"max-image-preview:large","max-video-preview":"max-video-preview:-1"},"canonical":"https:\/\/www.leroux.com\/es\/produits\/achicoria-granulada-bio-200g\/","og_locale":"es_ES","og_type":"article","og_title":"Achicoria granulada BIO 200G | Chicor\u00e9e Leroux","og_description":"Descubre nuestros granos de achicoria ecol\u00f3gicos. Una sabrosa bebida sin cafe\u00edna, de cultivo ecol\u00f3gico. Disfruta de un momento lleno de sabor.","og_url":"https:\/\/www.leroux.com\/es\/produits\/achicoria-granulada-bio-200g\/","og_site_name":"Chicor\u00e9e Leroux","article_publisher":"https:\/\/www.facebook.com\/chicoreeleroux","article_modified_time":"2026-03-04T15:34:36+00:00","og_image":[{"width":500,"height":500,"url":"https:\/\/www.leroux.com\/wp-content\/uploads\/2023\/07\/grain-bio.png","type":"image\/png"}],"twitter_card":"summary_large_image","twitter_site":"@Chicoree_Leroux","schema":{"@context":"https:\/\/schema.org","@graph":[{"@type":"WebPage","@id":"https:\/\/www.leroux.com\/es\/produits\/achicoria-granulada-bio-200g\/","url":"https:\/\/www.leroux.com\/es\/produits\/achicoria-granulada-bio-200g\/","name":"Achicoria granulada BIO 200G | Chicor\u00e9e Leroux","isPartOf":{"@id":"https:\/\/www.leroux.com\/es\/#website"},"primaryImageOfPage":{"@id":"https:\/\/www.leroux.com\/es\/produits\/achicoria-granulada-bio-200g\/#primaryimage"},"image":{"@id":"https:\/\/www.leroux.com\/es\/produits\/achicoria-granulada-bio-200g\/#primaryimage"},"thumbnailUrl":"https:\/\/www.leroux.com\/wp-content\/uploads\/2023\/07\/grain-bio.png","datePublished":"2023-07-23T18:46:07+00:00","dateModified":"2026-03-04T15:34:36+00:00","description":"Descubre nuestros granos de achicoria ecol\u00f3gicos. Una sabrosa bebida sin cafe\u00edna, de cultivo ecol\u00f3gico. Disfruta de un momento lleno de sabor.","breadcrumb":{"@id":"https:\/\/www.leroux.com\/es\/produits\/achicoria-granulada-bio-200g\/#breadcrumb"},"inLanguage":"es","potentialAction":[{"@type":"ReadAction","target":["https:\/\/www.leroux.com\/es\/produits\/achicoria-granulada-bio-200g\/"]}]},{"@type":"ImageObject","inLanguage":"es","@id":"https:\/\/www.leroux.com\/es\/produits\/achicoria-granulada-bio-200g\/#primaryimage","url":"https:\/\/www.leroux.com\/wp-content\/uploads\/2023\/07\/grain-bio.png","contentUrl":"https:\/\/www.leroux.com\/wp-content\/uploads\/2023\/07\/grain-bio.png","width":500,"height":500,"caption":"Chicor\u00e9e en grain bio 250g"},{"@type":"BreadcrumbList","@id":"https:\/\/www.leroux.com\/es\/produits\/achicoria-granulada-bio-200g\/#breadcrumb","itemListElement":[{"@type":"ListItem","position":1,"name":"Home","item":"https:\/\/www.leroux.com\/es\/inicio\/"},{"@type":"ListItem","position":2,"name":"Nos produits, boissons chaudes\/froides","item":"https:\/\/www.leroux.com\/produits\/"},{"@type":"ListItem","position":3,"name":"Achicoria granulada BIO 200G"}]},{"@type":"WebSite","@id":"https:\/\/www.leroux.com\/es\/#website","url":"https:\/\/www.leroux.com\/es\/","name":"Chicor\u00e9e Leroux","description":"Du r\u00e9confort depuis 1858","publisher":{"@id":"https:\/\/www.leroux.com\/es\/#organization"},"potentialAction":[{"@type":"SearchAction","target":{"@type":"EntryPoint","urlTemplate":"https:\/\/www.leroux.com\/es\/?s={search_term_string}"},"query-input":{"@type":"PropertyValueSpecification","valueRequired":true,"valueName":"search_term_string"}}],"inLanguage":"es"},{"@type":"Organization","@id":"https:\/\/www.leroux.com\/es\/#organization","name":"Chicor\u00e9e Leroux","url":"https:\/\/www.leroux.com\/es\/","logo":{"@type":"ImageObject","inLanguage":"es","@id":"https:\/\/www.leroux.com\/es\/#\/schema\/logo\/image\/","url":"https:\/\/www.leroux.com\/wp-content\/uploads\/2023\/07\/screenshot.png","contentUrl":"https:\/\/www.leroux.com\/wp-content\/uploads\/2023\/07\/screenshot.png","width":880,"height":660,"caption":"Chicor\u00e9e Leroux"},"image":{"@id":"https:\/\/www.leroux.com\/es\/#\/schema\/logo\/image\/"},"sameAs":["https:\/\/www.facebook.com\/chicoreeleroux","https:\/\/x.com\/Chicoree_Leroux","https:\/\/www.instagram.com\/chicoree_leroux"]}]}},"_links":{"self":[{"href":"https:\/\/www.leroux.com\/es\/wp-json\/wp\/v2\/product\/697830","targetHints":{"allow":["GET"]}}],"collection":[{"href":"https:\/\/www.leroux.com\/es\/wp-json\/wp\/v2\/product"}],"about":[{"href":"https:\/\/www.leroux.com\/es\/wp-json\/wp\/v2\/types\/product"}],"wp:featuredmedia":[{"embeddable":true,"href":"https:\/\/www.leroux.com\/es\/wp-json\/wp\/v2\/media\/93729"}],"wp:attachment":[{"href":"https:\/\/www.leroux.com\/es\/wp-json\/wp\/v2\/media?parent=697830"}],"wp:term":[{"taxonomy":"product_brand","embeddable":true,"href":"https:\/\/www.leroux.com\/es\/wp-json\/wp\/v2\/product_brand?post=697830"},{"taxonomy":"product_cat","embeddable":true,"href":"https:\/\/www.leroux.com\/es\/wp-json\/wp\/v2\/product_cat?post=697830"},{"taxonomy":"product_tag","embeddable":true,"href":"https:\/\/www.leroux.com\/es\/wp-json\/wp\/v2\/product_tag?post=697830"}],"curies":[{"name":"wp","href":"https:\/\/api.w.org\/{rel}","templated":true}]}}