{"id":697826,"date":"2023-07-23T20:41:54","date_gmt":"2023-07-23T18:41:54","guid":{"rendered":"https:\/\/www.leroux.com\/produits\/barritas-de-achicoria-soluble-natural\/"},"modified":"2026-03-04T16:34:47","modified_gmt":"2026-03-04T15:34:47","slug":"barritas-de-achicoria-soluble-natural","status":"publish","type":"product","link":"https:\/\/www.leroux.com\/es\/produits\/barritas-de-achicoria-soluble-natural\/","title":{"rendered":"Barritas de achicoria soluble natural"},"content":{"rendered":"<p>Una lata grande de achicoria<\/p>\n","protected":false},"excerpt":{"rendered":"<p><span style=\"font-weight: 400;\">\u00bfChicor\u00e9e Leroux en cualquier lugar y en cualquier momento? \u00a1Es posible! Las barritas de achicoria soluble Nature te acompa\u00f1an todo el d\u00eda, vayas donde vayas.  <\/span><\/p>\n<p><span style=\"font-weight: 400;\">\u00a1No hay raz\u00f3n para no disfrutarlo!<\/span><\/p>\n","protected":false},"featured_media":697828,"template":"","meta":{"_acf_changed":false,"inline_featured_image":false},"product_brand":[],"product_cat":[87,157],"product_tag":[],"class_list":{"0":"post-697826","1":"product","2":"type-product","3":"status-publish","4":"has-post-thumbnail","6":"product_cat-soluble-es","7":"product_cat-vainas","9":"first","10":"instock","11":"taxable","12":"shipping-taxable","13":"purchasable","14":"product-type-simple"},"acf":[],"yoast_head":"<!-- This site is optimized with the Yoast SEO plugin v27.5 - https:\/\/yoast.com\/product\/yoast-seo-wordpress\/ -->\n<title>Barritas de achicoria soluble natural | Chicor\u00e9e Leroux<\/title>\n<meta name=\"description\" content=\"Descubre nuestras barritas de achicoria natural. Sin cafe\u00edna, f\u00e1ciles de llevar a cualquier parte. Disfruta siempre de un capricho sano y vigorizante.\" \/>\n<meta name=\"robots\" content=\"index, follow, max-snippet:-1, max-image-preview:large, max-video-preview:-1\" \/>\n<link rel=\"canonical\" href=\"https:\/\/www.leroux.com\/es\/produits\/barritas-de-achicoria-soluble-natural\/\" \/>\n<meta property=\"og:locale\" content=\"es_ES\" \/>\n<meta property=\"og:type\" content=\"article\" \/>\n<meta property=\"og:title\" content=\"Barritas de achicoria soluble natural | Chicor\u00e9e Leroux\" \/>\n<meta property=\"og:description\" content=\"Descubre nuestras barritas de achicoria natural. Sin cafe\u00edna, f\u00e1ciles de llevar a cualquier parte. Disfruta siempre de un capricho sano y vigorizante.\" \/>\n<meta property=\"og:url\" content=\"https:\/\/www.leroux.com\/es\/produits\/barritas-de-achicoria-soluble-natural\/\" \/>\n<meta property=\"og:site_name\" content=\"Chicor\u00e9e Leroux\" \/>\n<meta property=\"article:publisher\" content=\"https:\/\/www.facebook.com\/chicoreeleroux\" \/>\n<meta property=\"article:modified_time\" content=\"2026-03-04T15:34:47+00:00\" \/>\n<meta property=\"og:image\" content=\"https:\/\/www.leroux.com\/wp-content\/uploads\/2023\/07\/stick-20x2.5g-3067140013380-1-scaled.png\" \/>\n\t<meta property=\"og:image:width\" content=\"2221\" \/>\n\t<meta property=\"og:image:height\" content=\"2560\" \/>\n\t<meta property=\"og:image:type\" content=\"image\/png\" \/>\n<meta name=\"twitter:card\" content=\"summary_large_image\" \/>\n<meta name=\"twitter:site\" content=\"@Chicoree_Leroux\" \/>\n<script type=\"application\/ld+json\" class=\"yoast-schema-graph\">{\"@context\":\"https:\\\/\\\/schema.org\",\"@graph\":[{\"@type\":\"WebPage\",\"@id\":\"https:\\\/\\\/www.leroux.com\\\/es\\\/produits\\\/barritas-de-achicoria-soluble-natural\\\/\",\"url\":\"https:\\\/\\\/www.leroux.com\\\/es\\\/produits\\\/barritas-de-achicoria-soluble-natural\\\/\",\"name\":\"Barritas de achicoria soluble natural | Chicor\u00e9e Leroux\",\"isPartOf\":{\"@id\":\"https:\\\/\\\/www.leroux.com\\\/es\\\/#website\"},\"primaryImageOfPage\":{\"@id\":\"https:\\\/\\\/www.leroux.com\\\/es\\\/produits\\\/barritas-de-achicoria-soluble-natural\\\/#primaryimage\"},\"image\":{\"@id\":\"https:\\\/\\\/www.leroux.com\\\/es\\\/produits\\\/barritas-de-achicoria-soluble-natural\\\/#primaryimage\"},\"thumbnailUrl\":\"https:\\\/\\\/www.leroux.com\\\/wp-content\\\/uploads\\\/2023\\\/07\\\/stick-20x2.5g-3067140013380-1-scaled.png\",\"datePublished\":\"2023-07-23T18:41:54+00:00\",\"dateModified\":\"2026-03-04T15:34:47+00:00\",\"description\":\"Descubre nuestras barritas de achicoria natural. Sin cafe\u00edna, f\u00e1ciles de llevar a cualquier parte. Disfruta siempre de un capricho sano y vigorizante.\",\"breadcrumb\":{\"@id\":\"https:\\\/\\\/www.leroux.com\\\/es\\\/produits\\\/barritas-de-achicoria-soluble-natural\\\/#breadcrumb\"},\"inLanguage\":\"es\",\"potentialAction\":[{\"@type\":\"ReadAction\",\"target\":[\"https:\\\/\\\/www.leroux.com\\\/es\\\/produits\\\/barritas-de-achicoria-soluble-natural\\\/\"]}]},{\"@type\":\"ImageObject\",\"inLanguage\":\"es\",\"@id\":\"https:\\\/\\\/www.leroux.com\\\/es\\\/produits\\\/barritas-de-achicoria-soluble-natural\\\/#primaryimage\",\"url\":\"https:\\\/\\\/www.leroux.com\\\/wp-content\\\/uploads\\\/2023\\\/07\\\/stick-20x2.5g-3067140013380-1-scaled.png\",\"contentUrl\":\"https:\\\/\\\/www.leroux.com\\\/wp-content\\\/uploads\\\/2023\\\/07\\\/stick-20x2.5g-3067140013380-1-scaled.png\",\"width\":2221,\"height\":2560,\"caption\":\"Porduit bo\u00eete de chicor\u00e9e en sticks\"},{\"@type\":\"BreadcrumbList\",\"@id\":\"https:\\\/\\\/www.leroux.com\\\/es\\\/produits\\\/barritas-de-achicoria-soluble-natural\\\/#breadcrumb\",\"itemListElement\":[{\"@type\":\"ListItem\",\"position\":1,\"name\":\"Home\",\"item\":\"https:\\\/\\\/www.leroux.com\\\/es\\\/inicio\\\/\"},{\"@type\":\"ListItem\",\"position\":2,\"name\":\"Nos produits, boissons chaudes\\\/froides\",\"item\":\"https:\\\/\\\/www.leroux.com\\\/produits\\\/\"},{\"@type\":\"ListItem\",\"position\":3,\"name\":\"Barritas de achicoria soluble natural\"}]},{\"@type\":\"WebSite\",\"@id\":\"https:\\\/\\\/www.leroux.com\\\/es\\\/#website\",\"url\":\"https:\\\/\\\/www.leroux.com\\\/es\\\/\",\"name\":\"Chicor\u00e9e Leroux\",\"description\":\"Du r\u00e9confort depuis 1858\",\"publisher\":{\"@id\":\"https:\\\/\\\/www.leroux.com\\\/es\\\/#organization\"},\"potentialAction\":[{\"@type\":\"SearchAction\",\"target\":{\"@type\":\"EntryPoint\",\"urlTemplate\":\"https:\\\/\\\/www.leroux.com\\\/es\\\/?s={search_term_string}\"},\"query-input\":{\"@type\":\"PropertyValueSpecification\",\"valueRequired\":true,\"valueName\":\"search_term_string\"}}],\"inLanguage\":\"es\"},{\"@type\":\"Organization\",\"@id\":\"https:\\\/\\\/www.leroux.com\\\/es\\\/#organization\",\"name\":\"Chicor\u00e9e Leroux\",\"url\":\"https:\\\/\\\/www.leroux.com\\\/es\\\/\",\"logo\":{\"@type\":\"ImageObject\",\"inLanguage\":\"es\",\"@id\":\"https:\\\/\\\/www.leroux.com\\\/es\\\/#\\\/schema\\\/logo\\\/image\\\/\",\"url\":\"https:\\\/\\\/www.leroux.com\\\/wp-content\\\/uploads\\\/2023\\\/07\\\/screenshot.png\",\"contentUrl\":\"https:\\\/\\\/www.leroux.com\\\/wp-content\\\/uploads\\\/2023\\\/07\\\/screenshot.png\",\"width\":880,\"height\":660,\"caption\":\"Chicor\u00e9e Leroux\"},\"image\":{\"@id\":\"https:\\\/\\\/www.leroux.com\\\/es\\\/#\\\/schema\\\/logo\\\/image\\\/\"},\"sameAs\":[\"https:\\\/\\\/www.facebook.com\\\/chicoreeleroux\",\"https:\\\/\\\/x.com\\\/Chicoree_Leroux\",\"https:\\\/\\\/www.instagram.com\\\/chicoree_leroux\"]}]}<\/script>\n<!-- \/ Yoast SEO plugin. -->","yoast_head_json":{"title":"Barritas de achicoria soluble natural | Chicor\u00e9e Leroux","description":"Descubre nuestras barritas de achicoria natural. Sin cafe\u00edna, f\u00e1ciles de llevar a cualquier parte. Disfruta siempre de un capricho sano y vigorizante.","robots":{"index":"index","follow":"follow","max-snippet":"max-snippet:-1","max-image-preview":"max-image-preview:large","max-video-preview":"max-video-preview:-1"},"canonical":"https:\/\/www.leroux.com\/es\/produits\/barritas-de-achicoria-soluble-natural\/","og_locale":"es_ES","og_type":"article","og_title":"Barritas de achicoria soluble natural | Chicor\u00e9e Leroux","og_description":"Descubre nuestras barritas de achicoria natural. Sin cafe\u00edna, f\u00e1ciles de llevar a cualquier parte. Disfruta siempre de un capricho sano y vigorizante.","og_url":"https:\/\/www.leroux.com\/es\/produits\/barritas-de-achicoria-soluble-natural\/","og_site_name":"Chicor\u00e9e Leroux","article_publisher":"https:\/\/www.facebook.com\/chicoreeleroux","article_modified_time":"2026-03-04T15:34:47+00:00","og_image":[{"width":2221,"height":2560,"url":"https:\/\/www.leroux.com\/wp-content\/uploads\/2023\/07\/stick-20x2.5g-3067140013380-1-scaled.png","type":"image\/png"}],"twitter_card":"summary_large_image","twitter_site":"@Chicoree_Leroux","schema":{"@context":"https:\/\/schema.org","@graph":[{"@type":"WebPage","@id":"https:\/\/www.leroux.com\/es\/produits\/barritas-de-achicoria-soluble-natural\/","url":"https:\/\/www.leroux.com\/es\/produits\/barritas-de-achicoria-soluble-natural\/","name":"Barritas de achicoria soluble natural | Chicor\u00e9e Leroux","isPartOf":{"@id":"https:\/\/www.leroux.com\/es\/#website"},"primaryImageOfPage":{"@id":"https:\/\/www.leroux.com\/es\/produits\/barritas-de-achicoria-soluble-natural\/#primaryimage"},"image":{"@id":"https:\/\/www.leroux.com\/es\/produits\/barritas-de-achicoria-soluble-natural\/#primaryimage"},"thumbnailUrl":"https:\/\/www.leroux.com\/wp-content\/uploads\/2023\/07\/stick-20x2.5g-3067140013380-1-scaled.png","datePublished":"2023-07-23T18:41:54+00:00","dateModified":"2026-03-04T15:34:47+00:00","description":"Descubre nuestras barritas de achicoria natural. Sin cafe\u00edna, f\u00e1ciles de llevar a cualquier parte. Disfruta siempre de un capricho sano y vigorizante.","breadcrumb":{"@id":"https:\/\/www.leroux.com\/es\/produits\/barritas-de-achicoria-soluble-natural\/#breadcrumb"},"inLanguage":"es","potentialAction":[{"@type":"ReadAction","target":["https:\/\/www.leroux.com\/es\/produits\/barritas-de-achicoria-soluble-natural\/"]}]},{"@type":"ImageObject","inLanguage":"es","@id":"https:\/\/www.leroux.com\/es\/produits\/barritas-de-achicoria-soluble-natural\/#primaryimage","url":"https:\/\/www.leroux.com\/wp-content\/uploads\/2023\/07\/stick-20x2.5g-3067140013380-1-scaled.png","contentUrl":"https:\/\/www.leroux.com\/wp-content\/uploads\/2023\/07\/stick-20x2.5g-3067140013380-1-scaled.png","width":2221,"height":2560,"caption":"Porduit bo\u00eete de chicor\u00e9e en sticks"},{"@type":"BreadcrumbList","@id":"https:\/\/www.leroux.com\/es\/produits\/barritas-de-achicoria-soluble-natural\/#breadcrumb","itemListElement":[{"@type":"ListItem","position":1,"name":"Home","item":"https:\/\/www.leroux.com\/es\/inicio\/"},{"@type":"ListItem","position":2,"name":"Nos produits, boissons chaudes\/froides","item":"https:\/\/www.leroux.com\/produits\/"},{"@type":"ListItem","position":3,"name":"Barritas de achicoria soluble natural"}]},{"@type":"WebSite","@id":"https:\/\/www.leroux.com\/es\/#website","url":"https:\/\/www.leroux.com\/es\/","name":"Chicor\u00e9e Leroux","description":"Du r\u00e9confort depuis 1858","publisher":{"@id":"https:\/\/www.leroux.com\/es\/#organization"},"potentialAction":[{"@type":"SearchAction","target":{"@type":"EntryPoint","urlTemplate":"https:\/\/www.leroux.com\/es\/?s={search_term_string}"},"query-input":{"@type":"PropertyValueSpecification","valueRequired":true,"valueName":"search_term_string"}}],"inLanguage":"es"},{"@type":"Organization","@id":"https:\/\/www.leroux.com\/es\/#organization","name":"Chicor\u00e9e Leroux","url":"https:\/\/www.leroux.com\/es\/","logo":{"@type":"ImageObject","inLanguage":"es","@id":"https:\/\/www.leroux.com\/es\/#\/schema\/logo\/image\/","url":"https:\/\/www.leroux.com\/wp-content\/uploads\/2023\/07\/screenshot.png","contentUrl":"https:\/\/www.leroux.com\/wp-content\/uploads\/2023\/07\/screenshot.png","width":880,"height":660,"caption":"Chicor\u00e9e Leroux"},"image":{"@id":"https:\/\/www.leroux.com\/es\/#\/schema\/logo\/image\/"},"sameAs":["https:\/\/www.facebook.com\/chicoreeleroux","https:\/\/x.com\/Chicoree_Leroux","https:\/\/www.instagram.com\/chicoree_leroux"]}]}},"_links":{"self":[{"href":"https:\/\/www.leroux.com\/es\/wp-json\/wp\/v2\/product\/697826","targetHints":{"allow":["GET"]}}],"collection":[{"href":"https:\/\/www.leroux.com\/es\/wp-json\/wp\/v2\/product"}],"about":[{"href":"https:\/\/www.leroux.com\/es\/wp-json\/wp\/v2\/types\/product"}],"wp:featuredmedia":[{"embeddable":true,"href":"https:\/\/www.leroux.com\/es\/wp-json\/wp\/v2\/media\/697828"}],"wp:attachment":[{"href":"https:\/\/www.leroux.com\/es\/wp-json\/wp\/v2\/media?parent=697826"}],"wp:term":[{"taxonomy":"product_brand","embeddable":true,"href":"https:\/\/www.leroux.com\/es\/wp-json\/wp\/v2\/product_brand?post=697826"},{"taxonomy":"product_cat","embeddable":true,"href":"https:\/\/www.leroux.com\/es\/wp-json\/wp\/v2\/product_cat?post=697826"},{"taxonomy":"product_tag","embeddable":true,"href":"https:\/\/www.leroux.com\/es\/wp-json\/wp\/v2\/product_tag?post=697826"}],"curies":[{"name":"wp","href":"https:\/\/api.w.org\/{rel}","templated":true}]}}