{"id":697814,"date":"2023-07-10T18:16:44","date_gmt":"2023-07-10T16:16:44","guid":{"rendered":"https:\/\/www.leroux.com\/produits\/achicoria-liquida-250ml\/"},"modified":"2026-03-04T16:34:47","modified_gmt":"2026-03-04T15:34:47","slug":"achicoria-liquida-250ml","status":"publish","type":"product","link":"https:\/\/www.leroux.com\/es\/produits\/achicoria-liquida-250ml\/","title":{"rendered":"Achicoria l\u00edquida 250mL"},"content":{"rendered":"<p>Una lata grande de achicoria<\/p>\n","protected":false},"excerpt":{"rendered":"<p><span style=\"font-weight: 400;\">Achicoria l\u00edquida, o descubre el extracto concentrado de achicoria. Con su sabor ligeramente dulce, combina perfectamente con tus bebidas y todas tus creaciones culinarias. Su sabor suave realzar\u00e1 tus platos y pasteles para darles un sabor \u00fanico.  <\/span><\/p>\n","protected":false},"featured_media":697817,"template":"","meta":{"_acf_changed":false,"inline_featured_image":false},"product_brand":[],"product_cat":[155],"product_tag":[],"class_list":{"0":"post-697814","1":"product","2":"type-product","3":"status-publish","4":"has-post-thumbnail","6":"product_cat-liquido","8":"first","9":"instock","10":"taxable","11":"shipping-taxable","12":"purchasable","13":"product-type-simple"},"acf":[],"yoast_head":"<!-- This site is optimized with the Yoast SEO plugin v27.5 - https:\/\/yoast.com\/product\/yoast-seo-wordpress\/ -->\n<title>Achicoria l\u00edquida 250mL | Chicor\u00e9e Leroux<\/title>\n<meta name=\"description\" content=\"Descubre nuestra achicoria l\u00edquida de 250 ml. Una bebida sabrosa, sin cafe\u00edna y lista para disfrutar. Ideal para cocinar. Un placer natural a cada sorbo.\" \/>\n<meta name=\"robots\" content=\"index, follow, max-snippet:-1, max-image-preview:large, max-video-preview:-1\" \/>\n<link rel=\"canonical\" href=\"https:\/\/www.leroux.com\/es\/produits\/achicoria-liquida-250ml\/\" \/>\n<meta property=\"og:locale\" content=\"es_ES\" \/>\n<meta property=\"og:type\" content=\"article\" \/>\n<meta property=\"og:title\" content=\"Achicoria l\u00edquida 250mL | Chicor\u00e9e Leroux\" \/>\n<meta property=\"og:description\" content=\"Descubre nuestra achicoria l\u00edquida de 250 ml. Una bebida sabrosa, sin cafe\u00edna y lista para disfrutar. Ideal para cocinar. Un placer natural a cada sorbo.\" \/>\n<meta property=\"og:url\" content=\"https:\/\/www.leroux.com\/es\/produits\/achicoria-liquida-250ml\/\" \/>\n<meta property=\"og:site_name\" content=\"Chicor\u00e9e Leroux\" \/>\n<meta property=\"article:publisher\" content=\"https:\/\/www.facebook.com\/chicoreeleroux\" \/>\n<meta property=\"article:modified_time\" content=\"2026-03-04T15:34:47+00:00\" \/>\n<meta property=\"og:image\" content=\"https:\/\/www.leroux.com\/wp-content\/uploads\/2023\/07\/liquide-boisson-250ml-3067140036303-1.png\" \/>\n\t<meta property=\"og:image:width\" content=\"500\" \/>\n\t<meta property=\"og:image:height\" content=\"500\" \/>\n\t<meta property=\"og:image:type\" content=\"image\/png\" \/>\n<meta name=\"twitter:card\" content=\"summary_large_image\" \/>\n<meta name=\"twitter:site\" content=\"@Chicoree_Leroux\" \/>\n<script type=\"application\/ld+json\" class=\"yoast-schema-graph\">{\"@context\":\"https:\\\/\\\/schema.org\",\"@graph\":[{\"@type\":\"WebPage\",\"@id\":\"https:\\\/\\\/www.leroux.com\\\/es\\\/produits\\\/achicoria-liquida-250ml\\\/\",\"url\":\"https:\\\/\\\/www.leroux.com\\\/es\\\/produits\\\/achicoria-liquida-250ml\\\/\",\"name\":\"Achicoria l\u00edquida 250mL | Chicor\u00e9e Leroux\",\"isPartOf\":{\"@id\":\"https:\\\/\\\/www.leroux.com\\\/es\\\/#website\"},\"primaryImageOfPage\":{\"@id\":\"https:\\\/\\\/www.leroux.com\\\/es\\\/produits\\\/achicoria-liquida-250ml\\\/#primaryimage\"},\"image\":{\"@id\":\"https:\\\/\\\/www.leroux.com\\\/es\\\/produits\\\/achicoria-liquida-250ml\\\/#primaryimage\"},\"thumbnailUrl\":\"https:\\\/\\\/www.leroux.com\\\/wp-content\\\/uploads\\\/2023\\\/07\\\/liquide-boisson-250ml-3067140036303-1.png\",\"datePublished\":\"2023-07-10T16:16:44+00:00\",\"dateModified\":\"2026-03-04T15:34:47+00:00\",\"description\":\"Descubre nuestra achicoria l\u00edquida de 250 ml. Una bebida sabrosa, sin cafe\u00edna y lista para disfrutar. Ideal para cocinar. Un placer natural a cada sorbo.\",\"breadcrumb\":{\"@id\":\"https:\\\/\\\/www.leroux.com\\\/es\\\/produits\\\/achicoria-liquida-250ml\\\/#breadcrumb\"},\"inLanguage\":\"es\",\"potentialAction\":[{\"@type\":\"ReadAction\",\"target\":[\"https:\\\/\\\/www.leroux.com\\\/es\\\/produits\\\/achicoria-liquida-250ml\\\/\"]}]},{\"@type\":\"ImageObject\",\"inLanguage\":\"es\",\"@id\":\"https:\\\/\\\/www.leroux.com\\\/es\\\/produits\\\/achicoria-liquida-250ml\\\/#primaryimage\",\"url\":\"https:\\\/\\\/www.leroux.com\\\/wp-content\\\/uploads\\\/2023\\\/07\\\/liquide-boisson-250ml-3067140036303-1.png\",\"contentUrl\":\"https:\\\/\\\/www.leroux.com\\\/wp-content\\\/uploads\\\/2023\\\/07\\\/liquide-boisson-250ml-3067140036303-1.png\",\"width\":500,\"height\":500,\"caption\":\"Produit bouteille de chicor\u00e9e concentr\u00e9e liquide 250 ml\"},{\"@type\":\"BreadcrumbList\",\"@id\":\"https:\\\/\\\/www.leroux.com\\\/es\\\/produits\\\/achicoria-liquida-250ml\\\/#breadcrumb\",\"itemListElement\":[{\"@type\":\"ListItem\",\"position\":1,\"name\":\"Home\",\"item\":\"https:\\\/\\\/www.leroux.com\\\/es\\\/inicio\\\/\"},{\"@type\":\"ListItem\",\"position\":2,\"name\":\"Nos produits, boissons chaudes\\\/froides\",\"item\":\"https:\\\/\\\/www.leroux.com\\\/produits\\\/\"},{\"@type\":\"ListItem\",\"position\":3,\"name\":\"Achicoria l\u00edquida 250mL\"}]},{\"@type\":\"WebSite\",\"@id\":\"https:\\\/\\\/www.leroux.com\\\/es\\\/#website\",\"url\":\"https:\\\/\\\/www.leroux.com\\\/es\\\/\",\"name\":\"Chicor\u00e9e Leroux\",\"description\":\"Du r\u00e9confort depuis 1858\",\"publisher\":{\"@id\":\"https:\\\/\\\/www.leroux.com\\\/es\\\/#organization\"},\"potentialAction\":[{\"@type\":\"SearchAction\",\"target\":{\"@type\":\"EntryPoint\",\"urlTemplate\":\"https:\\\/\\\/www.leroux.com\\\/es\\\/?s={search_term_string}\"},\"query-input\":{\"@type\":\"PropertyValueSpecification\",\"valueRequired\":true,\"valueName\":\"search_term_string\"}}],\"inLanguage\":\"es\"},{\"@type\":\"Organization\",\"@id\":\"https:\\\/\\\/www.leroux.com\\\/es\\\/#organization\",\"name\":\"Chicor\u00e9e Leroux\",\"url\":\"https:\\\/\\\/www.leroux.com\\\/es\\\/\",\"logo\":{\"@type\":\"ImageObject\",\"inLanguage\":\"es\",\"@id\":\"https:\\\/\\\/www.leroux.com\\\/es\\\/#\\\/schema\\\/logo\\\/image\\\/\",\"url\":\"https:\\\/\\\/www.leroux.com\\\/wp-content\\\/uploads\\\/2023\\\/07\\\/screenshot.png\",\"contentUrl\":\"https:\\\/\\\/www.leroux.com\\\/wp-content\\\/uploads\\\/2023\\\/07\\\/screenshot.png\",\"width\":880,\"height\":660,\"caption\":\"Chicor\u00e9e Leroux\"},\"image\":{\"@id\":\"https:\\\/\\\/www.leroux.com\\\/es\\\/#\\\/schema\\\/logo\\\/image\\\/\"},\"sameAs\":[\"https:\\\/\\\/www.facebook.com\\\/chicoreeleroux\",\"https:\\\/\\\/x.com\\\/Chicoree_Leroux\",\"https:\\\/\\\/www.instagram.com\\\/chicoree_leroux\"]}]}<\/script>\n<!-- \/ Yoast SEO plugin. -->","yoast_head_json":{"title":"Achicoria l\u00edquida 250mL | Chicor\u00e9e Leroux","description":"Descubre nuestra achicoria l\u00edquida de 250 ml. Una bebida sabrosa, sin cafe\u00edna y lista para disfrutar. Ideal para cocinar. Un placer natural a cada sorbo.","robots":{"index":"index","follow":"follow","max-snippet":"max-snippet:-1","max-image-preview":"max-image-preview:large","max-video-preview":"max-video-preview:-1"},"canonical":"https:\/\/www.leroux.com\/es\/produits\/achicoria-liquida-250ml\/","og_locale":"es_ES","og_type":"article","og_title":"Achicoria l\u00edquida 250mL | Chicor\u00e9e Leroux","og_description":"Descubre nuestra achicoria l\u00edquida de 250 ml. Una bebida sabrosa, sin cafe\u00edna y lista para disfrutar. Ideal para cocinar. Un placer natural a cada sorbo.","og_url":"https:\/\/www.leroux.com\/es\/produits\/achicoria-liquida-250ml\/","og_site_name":"Chicor\u00e9e Leroux","article_publisher":"https:\/\/www.facebook.com\/chicoreeleroux","article_modified_time":"2026-03-04T15:34:47+00:00","og_image":[{"width":500,"height":500,"url":"https:\/\/www.leroux.com\/wp-content\/uploads\/2023\/07\/liquide-boisson-250ml-3067140036303-1.png","type":"image\/png"}],"twitter_card":"summary_large_image","twitter_site":"@Chicoree_Leroux","schema":{"@context":"https:\/\/schema.org","@graph":[{"@type":"WebPage","@id":"https:\/\/www.leroux.com\/es\/produits\/achicoria-liquida-250ml\/","url":"https:\/\/www.leroux.com\/es\/produits\/achicoria-liquida-250ml\/","name":"Achicoria l\u00edquida 250mL | Chicor\u00e9e Leroux","isPartOf":{"@id":"https:\/\/www.leroux.com\/es\/#website"},"primaryImageOfPage":{"@id":"https:\/\/www.leroux.com\/es\/produits\/achicoria-liquida-250ml\/#primaryimage"},"image":{"@id":"https:\/\/www.leroux.com\/es\/produits\/achicoria-liquida-250ml\/#primaryimage"},"thumbnailUrl":"https:\/\/www.leroux.com\/wp-content\/uploads\/2023\/07\/liquide-boisson-250ml-3067140036303-1.png","datePublished":"2023-07-10T16:16:44+00:00","dateModified":"2026-03-04T15:34:47+00:00","description":"Descubre nuestra achicoria l\u00edquida de 250 ml. Una bebida sabrosa, sin cafe\u00edna y lista para disfrutar. Ideal para cocinar. Un placer natural a cada sorbo.","breadcrumb":{"@id":"https:\/\/www.leroux.com\/es\/produits\/achicoria-liquida-250ml\/#breadcrumb"},"inLanguage":"es","potentialAction":[{"@type":"ReadAction","target":["https:\/\/www.leroux.com\/es\/produits\/achicoria-liquida-250ml\/"]}]},{"@type":"ImageObject","inLanguage":"es","@id":"https:\/\/www.leroux.com\/es\/produits\/achicoria-liquida-250ml\/#primaryimage","url":"https:\/\/www.leroux.com\/wp-content\/uploads\/2023\/07\/liquide-boisson-250ml-3067140036303-1.png","contentUrl":"https:\/\/www.leroux.com\/wp-content\/uploads\/2023\/07\/liquide-boisson-250ml-3067140036303-1.png","width":500,"height":500,"caption":"Produit bouteille de chicor\u00e9e concentr\u00e9e liquide 250 ml"},{"@type":"BreadcrumbList","@id":"https:\/\/www.leroux.com\/es\/produits\/achicoria-liquida-250ml\/#breadcrumb","itemListElement":[{"@type":"ListItem","position":1,"name":"Home","item":"https:\/\/www.leroux.com\/es\/inicio\/"},{"@type":"ListItem","position":2,"name":"Nos produits, boissons chaudes\/froides","item":"https:\/\/www.leroux.com\/produits\/"},{"@type":"ListItem","position":3,"name":"Achicoria l\u00edquida 250mL"}]},{"@type":"WebSite","@id":"https:\/\/www.leroux.com\/es\/#website","url":"https:\/\/www.leroux.com\/es\/","name":"Chicor\u00e9e Leroux","description":"Du r\u00e9confort depuis 1858","publisher":{"@id":"https:\/\/www.leroux.com\/es\/#organization"},"potentialAction":[{"@type":"SearchAction","target":{"@type":"EntryPoint","urlTemplate":"https:\/\/www.leroux.com\/es\/?s={search_term_string}"},"query-input":{"@type":"PropertyValueSpecification","valueRequired":true,"valueName":"search_term_string"}}],"inLanguage":"es"},{"@type":"Organization","@id":"https:\/\/www.leroux.com\/es\/#organization","name":"Chicor\u00e9e Leroux","url":"https:\/\/www.leroux.com\/es\/","logo":{"@type":"ImageObject","inLanguage":"es","@id":"https:\/\/www.leroux.com\/es\/#\/schema\/logo\/image\/","url":"https:\/\/www.leroux.com\/wp-content\/uploads\/2023\/07\/screenshot.png","contentUrl":"https:\/\/www.leroux.com\/wp-content\/uploads\/2023\/07\/screenshot.png","width":880,"height":660,"caption":"Chicor\u00e9e Leroux"},"image":{"@id":"https:\/\/www.leroux.com\/es\/#\/schema\/logo\/image\/"},"sameAs":["https:\/\/www.facebook.com\/chicoreeleroux","https:\/\/x.com\/Chicoree_Leroux","https:\/\/www.instagram.com\/chicoree_leroux"]}]}},"_links":{"self":[{"href":"https:\/\/www.leroux.com\/es\/wp-json\/wp\/v2\/product\/697814","targetHints":{"allow":["GET"]}}],"collection":[{"href":"https:\/\/www.leroux.com\/es\/wp-json\/wp\/v2\/product"}],"about":[{"href":"https:\/\/www.leroux.com\/es\/wp-json\/wp\/v2\/types\/product"}],"wp:featuredmedia":[{"embeddable":true,"href":"https:\/\/www.leroux.com\/es\/wp-json\/wp\/v2\/media\/697817"}],"wp:attachment":[{"href":"https:\/\/www.leroux.com\/es\/wp-json\/wp\/v2\/media?parent=697814"}],"wp:term":[{"taxonomy":"product_brand","embeddable":true,"href":"https:\/\/www.leroux.com\/es\/wp-json\/wp\/v2\/product_brand?post=697814"},{"taxonomy":"product_cat","embeddable":true,"href":"https:\/\/www.leroux.com\/es\/wp-json\/wp\/v2\/product_cat?post=697814"},{"taxonomy":"product_tag","embeddable":true,"href":"https:\/\/www.leroux.com\/es\/wp-json\/wp\/v2\/product_tag?post=697814"}],"curies":[{"name":"wp","href":"https:\/\/api.w.org\/{rel}","templated":true}]}}