{"id":152523,"date":"2023-07-20T15:22:52","date_gmt":"2023-07-20T13:22:52","guid":{"rendered":"https:\/\/www.leroux.com\/produits\/achicoria-cafe-soluble-bio\/"},"modified":"2026-03-04T16:34:34","modified_gmt":"2026-03-04T15:34:34","slug":"achicoria-cafe-soluble-bio","status":"publish","type":"product","link":"https:\/\/www.leroux.com\/es\/produits\/achicoria-cafe-soluble-bio\/","title":{"rendered":"CAF\u00c9 DE Achicoria Soluble BIO 100g"},"content":{"rendered":"<p>Una lata grande de achicoria<\/p>\n","protected":false},"excerpt":{"rendered":"<p><span style=\"font-weight: 400;\">\u00bfNo hay suficiente energ\u00eda en la achicoria? Ven a descubrir la achicoria soluble en caf\u00e9 ecol\u00f3gico.  <\/span><\/p>\n<p><span style=\"font-weight: 400;\">Leroux combina el sabor \u00fanico de su achicoria tostada con el caf\u00e9 Ar\u00e1bica de Colombia. Esta combinaci\u00f3n aporta aromas refinados a tu bebida caliente, garantiz\u00e1ndote un momento de placer y relajaci\u00f3n.  <\/span><\/p>\n","protected":false},"featured_media":93737,"template":"","meta":{"_acf_changed":false,"inline_featured_image":false},"product_brand":[],"product_cat":[87],"product_tag":[],"class_list":{"0":"post-152523","1":"product","2":"type-product","3":"status-publish","4":"has-post-thumbnail","6":"product_cat-soluble-es","8":"first","9":"instock","10":"taxable","11":"shipping-taxable","12":"purchasable","13":"product-type-simple"},"acf":[],"yoast_head":"<!-- This site is optimized with the Yoast SEO plugin v27.5 - https:\/\/yoast.com\/product\/yoast-seo-wordpress\/ -->\n<title>CAF\u00c9 DE Achicoria Soluble BIO 100g | Chicor\u00e9e Leroux<\/title>\n<meta name=\"description\" content=\"Descubre nuestro caf\u00e9 soluble de achicoria ecol\u00f3gico. Sin cafe\u00edna, ecol\u00f3gico y deliciosamente rico en sabor. Placer natural en cada taza.\" \/>\n<meta name=\"robots\" content=\"index, follow, max-snippet:-1, max-image-preview:large, max-video-preview:-1\" \/>\n<link rel=\"canonical\" href=\"https:\/\/www.leroux.com\/es\/produits\/achicoria-cafe-soluble-bio\/\" \/>\n<meta property=\"og:locale\" content=\"es_ES\" \/>\n<meta property=\"og:type\" content=\"article\" \/>\n<meta property=\"og:title\" content=\"CAF\u00c9 DE Achicoria Soluble BIO 100g | Chicor\u00e9e Leroux\" \/>\n<meta property=\"og:description\" content=\"Descubre nuestro caf\u00e9 soluble de achicoria ecol\u00f3gico. Sin cafe\u00edna, ecol\u00f3gico y deliciosamente rico en sabor. Placer natural en cada taza.\" \/>\n<meta property=\"og:url\" content=\"https:\/\/www.leroux.com\/es\/produits\/achicoria-cafe-soluble-bio\/\" \/>\n<meta property=\"og:site_name\" content=\"Chicor\u00e9e Leroux\" \/>\n<meta property=\"article:publisher\" content=\"https:\/\/www.facebook.com\/chicoreeleroux\" \/>\n<meta property=\"article:modified_time\" content=\"2026-03-04T15:34:34+00:00\" \/>\n<meta property=\"og:image\" content=\"https:\/\/www.leroux.com\/wp-content\/uploads\/2023\/07\/soluble-bio.png\" \/>\n\t<meta property=\"og:image:width\" content=\"500\" \/>\n\t<meta property=\"og:image:height\" content=\"500\" \/>\n\t<meta property=\"og:image:type\" content=\"image\/png\" \/>\n<meta name=\"twitter:card\" content=\"summary_large_image\" \/>\n<meta name=\"twitter:site\" content=\"@Chicoree_Leroux\" \/>\n<meta name=\"twitter:label1\" content=\"Tiempo de lectura\" \/>\n\t<meta name=\"twitter:data1\" content=\"1 minuto\" \/>\n<script type=\"application\/ld+json\" class=\"yoast-schema-graph\">{\"@context\":\"https:\\\/\\\/schema.org\",\"@graph\":[{\"@type\":\"WebPage\",\"@id\":\"https:\\\/\\\/www.leroux.com\\\/es\\\/produits\\\/achicoria-cafe-soluble-bio\\\/\",\"url\":\"https:\\\/\\\/www.leroux.com\\\/es\\\/produits\\\/achicoria-cafe-soluble-bio\\\/\",\"name\":\"CAF\u00c9 DE Achicoria Soluble BIO 100g | Chicor\u00e9e Leroux\",\"isPartOf\":{\"@id\":\"https:\\\/\\\/www.leroux.com\\\/es\\\/#website\"},\"primaryImageOfPage\":{\"@id\":\"https:\\\/\\\/www.leroux.com\\\/es\\\/produits\\\/achicoria-cafe-soluble-bio\\\/#primaryimage\"},\"image\":{\"@id\":\"https:\\\/\\\/www.leroux.com\\\/es\\\/produits\\\/achicoria-cafe-soluble-bio\\\/#primaryimage\"},\"thumbnailUrl\":\"https:\\\/\\\/www.leroux.com\\\/wp-content\\\/uploads\\\/2023\\\/07\\\/soluble-bio.png\",\"datePublished\":\"2023-07-20T13:22:52+00:00\",\"dateModified\":\"2026-03-04T15:34:34+00:00\",\"description\":\"Descubre nuestro caf\u00e9 soluble de achicoria ecol\u00f3gico. Sin cafe\u00edna, ecol\u00f3gico y deliciosamente rico en sabor. Placer natural en cada taza.\",\"breadcrumb\":{\"@id\":\"https:\\\/\\\/www.leroux.com\\\/es\\\/produits\\\/achicoria-cafe-soluble-bio\\\/#breadcrumb\"},\"inLanguage\":\"es\",\"potentialAction\":[{\"@type\":\"ReadAction\",\"target\":[\"https:\\\/\\\/www.leroux.com\\\/es\\\/produits\\\/achicoria-cafe-soluble-bio\\\/\"]}]},{\"@type\":\"ImageObject\",\"inLanguage\":\"es\",\"@id\":\"https:\\\/\\\/www.leroux.com\\\/es\\\/produits\\\/achicoria-cafe-soluble-bio\\\/#primaryimage\",\"url\":\"https:\\\/\\\/www.leroux.com\\\/wp-content\\\/uploads\\\/2023\\\/07\\\/soluble-bio.png\",\"contentUrl\":\"https:\\\/\\\/www.leroux.com\\\/wp-content\\\/uploads\\\/2023\\\/07\\\/soluble-bio.png\",\"width\":500,\"height\":500,\"caption\":\"Produit pot de chicor\u00e9e caf\u00e9 soluble bio 100g\"},{\"@type\":\"BreadcrumbList\",\"@id\":\"https:\\\/\\\/www.leroux.com\\\/es\\\/produits\\\/achicoria-cafe-soluble-bio\\\/#breadcrumb\",\"itemListElement\":[{\"@type\":\"ListItem\",\"position\":1,\"name\":\"Home\",\"item\":\"https:\\\/\\\/www.leroux.com\\\/es\\\/inicio\\\/\"},{\"@type\":\"ListItem\",\"position\":2,\"name\":\"Nos produits, boissons chaudes\\\/froides\",\"item\":\"https:\\\/\\\/www.leroux.com\\\/produits\\\/\"},{\"@type\":\"ListItem\",\"position\":3,\"name\":\"CAF\u00c9 DE Achicoria Soluble BIO 100g\"}]},{\"@type\":\"WebSite\",\"@id\":\"https:\\\/\\\/www.leroux.com\\\/es\\\/#website\",\"url\":\"https:\\\/\\\/www.leroux.com\\\/es\\\/\",\"name\":\"Chicor\u00e9e Leroux\",\"description\":\"Du r\u00e9confort depuis 1858\",\"publisher\":{\"@id\":\"https:\\\/\\\/www.leroux.com\\\/es\\\/#organization\"},\"potentialAction\":[{\"@type\":\"SearchAction\",\"target\":{\"@type\":\"EntryPoint\",\"urlTemplate\":\"https:\\\/\\\/www.leroux.com\\\/es\\\/?s={search_term_string}\"},\"query-input\":{\"@type\":\"PropertyValueSpecification\",\"valueRequired\":true,\"valueName\":\"search_term_string\"}}],\"inLanguage\":\"es\"},{\"@type\":\"Organization\",\"@id\":\"https:\\\/\\\/www.leroux.com\\\/es\\\/#organization\",\"name\":\"Chicor\u00e9e Leroux\",\"url\":\"https:\\\/\\\/www.leroux.com\\\/es\\\/\",\"logo\":{\"@type\":\"ImageObject\",\"inLanguage\":\"es\",\"@id\":\"https:\\\/\\\/www.leroux.com\\\/es\\\/#\\\/schema\\\/logo\\\/image\\\/\",\"url\":\"https:\\\/\\\/www.leroux.com\\\/wp-content\\\/uploads\\\/2023\\\/07\\\/screenshot.png\",\"contentUrl\":\"https:\\\/\\\/www.leroux.com\\\/wp-content\\\/uploads\\\/2023\\\/07\\\/screenshot.png\",\"width\":880,\"height\":660,\"caption\":\"Chicor\u00e9e Leroux\"},\"image\":{\"@id\":\"https:\\\/\\\/www.leroux.com\\\/es\\\/#\\\/schema\\\/logo\\\/image\\\/\"},\"sameAs\":[\"https:\\\/\\\/www.facebook.com\\\/chicoreeleroux\",\"https:\\\/\\\/x.com\\\/Chicoree_Leroux\",\"https:\\\/\\\/www.instagram.com\\\/chicoree_leroux\"]}]}<\/script>\n<!-- \/ Yoast SEO plugin. -->","yoast_head_json":{"title":"CAF\u00c9 DE Achicoria Soluble BIO 100g | Chicor\u00e9e Leroux","description":"Descubre nuestro caf\u00e9 soluble de achicoria ecol\u00f3gico. Sin cafe\u00edna, ecol\u00f3gico y deliciosamente rico en sabor. Placer natural en cada taza.","robots":{"index":"index","follow":"follow","max-snippet":"max-snippet:-1","max-image-preview":"max-image-preview:large","max-video-preview":"max-video-preview:-1"},"canonical":"https:\/\/www.leroux.com\/es\/produits\/achicoria-cafe-soluble-bio\/","og_locale":"es_ES","og_type":"article","og_title":"CAF\u00c9 DE Achicoria Soluble BIO 100g | Chicor\u00e9e Leroux","og_description":"Descubre nuestro caf\u00e9 soluble de achicoria ecol\u00f3gico. Sin cafe\u00edna, ecol\u00f3gico y deliciosamente rico en sabor. Placer natural en cada taza.","og_url":"https:\/\/www.leroux.com\/es\/produits\/achicoria-cafe-soluble-bio\/","og_site_name":"Chicor\u00e9e Leroux","article_publisher":"https:\/\/www.facebook.com\/chicoreeleroux","article_modified_time":"2026-03-04T15:34:34+00:00","og_image":[{"width":500,"height":500,"url":"https:\/\/www.leroux.com\/wp-content\/uploads\/2023\/07\/soluble-bio.png","type":"image\/png"}],"twitter_card":"summary_large_image","twitter_site":"@Chicoree_Leroux","twitter_misc":{"Tiempo de lectura":"1 minuto"},"schema":{"@context":"https:\/\/schema.org","@graph":[{"@type":"WebPage","@id":"https:\/\/www.leroux.com\/es\/produits\/achicoria-cafe-soluble-bio\/","url":"https:\/\/www.leroux.com\/es\/produits\/achicoria-cafe-soluble-bio\/","name":"CAF\u00c9 DE Achicoria Soluble BIO 100g | Chicor\u00e9e Leroux","isPartOf":{"@id":"https:\/\/www.leroux.com\/es\/#website"},"primaryImageOfPage":{"@id":"https:\/\/www.leroux.com\/es\/produits\/achicoria-cafe-soluble-bio\/#primaryimage"},"image":{"@id":"https:\/\/www.leroux.com\/es\/produits\/achicoria-cafe-soluble-bio\/#primaryimage"},"thumbnailUrl":"https:\/\/www.leroux.com\/wp-content\/uploads\/2023\/07\/soluble-bio.png","datePublished":"2023-07-20T13:22:52+00:00","dateModified":"2026-03-04T15:34:34+00:00","description":"Descubre nuestro caf\u00e9 soluble de achicoria ecol\u00f3gico. Sin cafe\u00edna, ecol\u00f3gico y deliciosamente rico en sabor. Placer natural en cada taza.","breadcrumb":{"@id":"https:\/\/www.leroux.com\/es\/produits\/achicoria-cafe-soluble-bio\/#breadcrumb"},"inLanguage":"es","potentialAction":[{"@type":"ReadAction","target":["https:\/\/www.leroux.com\/es\/produits\/achicoria-cafe-soluble-bio\/"]}]},{"@type":"ImageObject","inLanguage":"es","@id":"https:\/\/www.leroux.com\/es\/produits\/achicoria-cafe-soluble-bio\/#primaryimage","url":"https:\/\/www.leroux.com\/wp-content\/uploads\/2023\/07\/soluble-bio.png","contentUrl":"https:\/\/www.leroux.com\/wp-content\/uploads\/2023\/07\/soluble-bio.png","width":500,"height":500,"caption":"Produit pot de chicor\u00e9e caf\u00e9 soluble bio 100g"},{"@type":"BreadcrumbList","@id":"https:\/\/www.leroux.com\/es\/produits\/achicoria-cafe-soluble-bio\/#breadcrumb","itemListElement":[{"@type":"ListItem","position":1,"name":"Home","item":"https:\/\/www.leroux.com\/es\/inicio\/"},{"@type":"ListItem","position":2,"name":"Nos produits, boissons chaudes\/froides","item":"https:\/\/www.leroux.com\/produits\/"},{"@type":"ListItem","position":3,"name":"CAF\u00c9 DE Achicoria Soluble BIO 100g"}]},{"@type":"WebSite","@id":"https:\/\/www.leroux.com\/es\/#website","url":"https:\/\/www.leroux.com\/es\/","name":"Chicor\u00e9e Leroux","description":"Du r\u00e9confort depuis 1858","publisher":{"@id":"https:\/\/www.leroux.com\/es\/#organization"},"potentialAction":[{"@type":"SearchAction","target":{"@type":"EntryPoint","urlTemplate":"https:\/\/www.leroux.com\/es\/?s={search_term_string}"},"query-input":{"@type":"PropertyValueSpecification","valueRequired":true,"valueName":"search_term_string"}}],"inLanguage":"es"},{"@type":"Organization","@id":"https:\/\/www.leroux.com\/es\/#organization","name":"Chicor\u00e9e Leroux","url":"https:\/\/www.leroux.com\/es\/","logo":{"@type":"ImageObject","inLanguage":"es","@id":"https:\/\/www.leroux.com\/es\/#\/schema\/logo\/image\/","url":"https:\/\/www.leroux.com\/wp-content\/uploads\/2023\/07\/screenshot.png","contentUrl":"https:\/\/www.leroux.com\/wp-content\/uploads\/2023\/07\/screenshot.png","width":880,"height":660,"caption":"Chicor\u00e9e Leroux"},"image":{"@id":"https:\/\/www.leroux.com\/es\/#\/schema\/logo\/image\/"},"sameAs":["https:\/\/www.facebook.com\/chicoreeleroux","https:\/\/x.com\/Chicoree_Leroux","https:\/\/www.instagram.com\/chicoree_leroux"]}]}},"_links":{"self":[{"href":"https:\/\/www.leroux.com\/es\/wp-json\/wp\/v2\/product\/152523","targetHints":{"allow":["GET"]}}],"collection":[{"href":"https:\/\/www.leroux.com\/es\/wp-json\/wp\/v2\/product"}],"about":[{"href":"https:\/\/www.leroux.com\/es\/wp-json\/wp\/v2\/types\/product"}],"wp:featuredmedia":[{"embeddable":true,"href":"https:\/\/www.leroux.com\/es\/wp-json\/wp\/v2\/media\/93737"}],"wp:attachment":[{"href":"https:\/\/www.leroux.com\/es\/wp-json\/wp\/v2\/media?parent=152523"}],"wp:term":[{"taxonomy":"product_brand","embeddable":true,"href":"https:\/\/www.leroux.com\/es\/wp-json\/wp\/v2\/product_brand?post=152523"},{"taxonomy":"product_cat","embeddable":true,"href":"https:\/\/www.leroux.com\/es\/wp-json\/wp\/v2\/product_cat?post=152523"},{"taxonomy":"product_tag","embeddable":true,"href":"https:\/\/www.leroux.com\/es\/wp-json\/wp\/v2\/product_tag?post=152523"}],"curies":[{"name":"wp","href":"https:\/\/api.w.org\/{rel}","templated":true}]}}