{"id":697773,"date":"2026-02-06T11:16:59","date_gmt":"2026-02-06T10:16:59","guid":{"rendered":"https:\/\/www.leroux.com\/?page_id=697773"},"modified":"2026-03-25T08:56:01","modified_gmt":"2026-03-25T07:56:01","slug":"molabe","status":"publish","type":"page","link":"https:\/\/www.leroux.com\/es\/molabe\/","title":{"rendered":"Molabe"},"content":{"rendered":"    \n\n \n<div \n  class=\"Page__header custom-gutenberg\"\n  >\n  <div class=\"container\">\n              <div \n          class=\"subtitle --oh\"\n                  >\n          <span>Molabe<\/span>\n        <\/div>\n      \n      <h1\n              >\n                  <span class=\"line\">\n            <span>Nuestra filial espa\u00f1ola<\/span>\n                      <\/span>\n              <\/h1>  \n\n      \n    <\/div>\n<\/div>\n    \n    <section class=\"Rows custom-gutenberg\">\n        \n                    <div class=\"subtitle__content\">\n                <p class=\"subtitle\">MOLABE es la filial espa\u00f1ola del grupo Chicor\u00e9e Leroux, l\u00edder europeo en la transformaci\u00f3n de la achicoria. Con sede en Espa\u00f1a, MOLABE se compromete a perpetuar el saber hacer hist\u00f3rico de Leroux, respondiendo al mismo tiempo a las necesidades espec\u00edficas del mercado ib\u00e9rico.\r\nNuestra misi\u00f3n: ofrecer productos de calidad, respetuosos con el medio ambiente y adaptados a las expectativas de los consumidores espa\u00f1oles. <\/p>\n\n                            <\/div>\n        \n\n            <\/section>\n    \n    <section class=\"Rows custom-gutenberg\">\n                    <h2 class=\"title\">A PROP\u00d3SITO<\/h2>\n        \n        \n\n                                                                    \n                                    <div class=\"Rows__line\">\n                                                    <div class=\"text\">\n                                <div class=\"wswyg--content\"><p>Molabe fue creada hace 50 a\u00f1os por tres familias con una larga tradici\u00f3n de cultivo y distribuci\u00f3n de achicoria.<\/p>\n<p>Una planta de producci\u00f3n situada en el municipio de Zamudio, en la provincia de Bizkaia, sigue siendo el lugar donde se elabora la achicoria, utilizando el mismo proceso que anta\u00f1o, pero benefici\u00e1ndose de las mejores innovaciones y mejoras tecnol\u00f3gicas actuales. Todo ello para traer a nuestros hogares el mismo sabor que hemos conocido gracias a nuestros mayores y que seguimos eligiendo cada ma\u00f1ana para nuestro desayuno. La achicoria, utilizada tradicionalmente para dar color, aroma y sabor al caf\u00e9, acompa\u00f1a ahora los desayunos y momentos de relax en nuestros hogares, hasta convertirse en un producto apreciado por su alto contenido en fibra 100% vegetal y en una infusi\u00f3n saludable para toda la familia.  <\/p>\n<p>Molabe celebr\u00f3 su 50 aniversario como l\u00edder en la producci\u00f3n y distribuci\u00f3n de malta tostada El Chimbo, La Ni\u00f1a, La Pilarica, El \u00c1rbol y Muller. En los a\u00f1os 80, Molabe empez\u00f3 a comercializar la gama de productos Leroux, la primera marca mundial de achicoria. <\/p>\n<\/div>\n\n                                                            <\/div>\n                        \n                                                    <div class=\"image\">\n                                <div class=\"visual__container custom-gutenberg\">\n\n  \n              \n    \n                  \n              \n    <picture class=\"visual\"  data-prllxfrom='{\"yPercent\" : \"-10\"}' data-prllxto='{\"yPercent\" : \"10\"}'  data-prllxstart='top bottom'   data-prllxend='bottom top'>\n      <source data-srcset=\"https:\/\/www.leroux.com\/wp-content\/uploads\/2026\/01\/zamudio-derio-espacios-1.webp 100w\" type=\"image\/webp\">\n      <img class=\"img-fluid lazyload\" data-src=\"https:\/\/www.leroux.com\/wp-content\/uploads\/2026\/01\/zamudio-derio-espacios-1.jpg\" alt=\"\">\n          <\/picture>\n\n  \n  \n<\/div>\n                            <\/div>\n                                            <\/div>\n                                        <\/section>\n    \n    <section class=\"Rows custom-gutenberg\">\n                    <h2 class=\"title\">Nuestras actividades<\/h2>\n        \n        \n\n                                                                    \n                                    <div class=\"Rows__line\">\n                                                    <div class=\"text\">\n                                <div class=\"wswyg--content\"><p>En MOLABE, proporcionamos :<\/p>\n<ul>\n<li style=\"list-style-type: none;\">\n<ul>\n<li>Transformaci\u00f3n de la achicoria: tostado y preparaci\u00f3n para diversas aplicaciones.<\/li>\n<\/ul>\n<\/li>\n<\/ul>\n<ul>\n<li>Innovaci\u00f3n: desarrollo de nuevas recetas y formatos para responder a las tendencias.<\/li>\n<li>Distribuci\u00f3n local: productos Leroux adaptados al mercado espa\u00f1ol.<\/li>\n<\/ul>\n<p>&nbsp;<\/p>\n<p>Descubre nuestro cat\u00e1logo<\/p>\n<\/div>\n\n                                                            <\/div>\n                        \n                                                    <div class=\"image\">\n                                <div class=\"visual__container custom-gutenberg\">\n\n  \n              \n    \n                  \n              \n    <picture class=\"visual\"  data-prllxfrom='{\"yPercent\" : \"-10\"}' data-prllxto='{\"yPercent\" : \"10\"}'  data-prllxstart='top bottom'   data-prllxend='bottom top'>\n      <source data-srcset=\"https:\/\/www.leroux.com\/wp-content\/uploads\/2026\/01\/sans-titre-1-1.webp 100w\" type=\"image\/webp\">\n      <img class=\"img-fluid lazyload\" data-src=\"https:\/\/www.leroux.com\/wp-content\/uploads\/2026\/01\/sans-titre-1-1.jpg\" alt=\"\">\n          <\/picture>\n\n  \n  \n<\/div>\n                            <\/div>\n                                            <\/div>\n                                                                            \n                                    <div class=\"Rows__line\">\n                                                    <div class=\"text\">\n                                <div class=\"wswyg--content\"><h3>Achicoria asada<\/h3>\n<p>Las marcas de achicoria tostada son El \u00c1rbol, El Chimboet La Ni\u00f1a y La Pilarica (tostado intenso).<br \/>\nTodos datan de principios del siglo XX y son un producto 100% vegetal, sin estimulantes, aditivos ni conservantes y con un alto contenido en fibra.<\/p>\n<\/div>\n\n                                                            <\/div>\n                        \n                                                    <div class=\"image\">\n                                <div class=\"visual__container custom-gutenberg\">\n\n  \n              \n    \n                  \n              \n    <picture class=\"visual\"  data-prllxfrom='{\"yPercent\" : \"-10\"}' data-prllxto='{\"yPercent\" : \"10\"}'  data-prllxstart='top bottom'   data-prllxend='bottom top'>\n      <source data-srcset=\"https:\/\/www.leroux.com\/wp-content\/uploads\/2026\/01\/img-5195-scaled.webp 100w\" type=\"image\/webp\">\n      <img class=\"img-fluid lazyload\" data-src=\"https:\/\/www.leroux.com\/wp-content\/uploads\/2026\/01\/img-5195-scaled.jpg\" alt=\"\">\n          <\/picture>\n\n  \n  \n<\/div>\n                            <\/div>\n                                            <\/div>\n                                                                            \n                                    <div class=\"Rows__line\">\n                                                    <div class=\"text\">\n                                <div class=\"wswyg--content\"><h3>Achicoria soluble<\/h3>\n<p>La achicoria instant\u00e1nea permite preparar r\u00e1pida y f\u00e1cilmente una infusi\u00f3n sana, rica en fibra y sin estimulantes. Es el sustituto ideal para las personas que no desean consumir cafe\u00edna.<br \/>\nEst\u00e1 disponible en el mercado bajo las siguientes marcas: Leroux Bio Natural (achicoria ecol\u00f3gica), Leroux BioCereales (achicoria ecol\u00f3gica enriquecida con cereales), LerouxNatural, Leroux Chocolat y La Ni\u00f1a Natural. <\/p>\n<\/div>\n\n                                                            <\/div>\n                        \n                                                    <div class=\"image\">\n                                <div class=\"visual__container custom-gutenberg\">\n\n  \n              \n    \n                  \n              \n    <picture class=\"visual\"  data-prllxfrom='{\"yPercent\" : \"-10\"}' data-prllxto='{\"yPercent\" : \"10\"}'  data-prllxstart='top bottom'   data-prllxend='bottom top'>\n      <source data-srcset=\"https:\/\/www.leroux.com\/wp-content\/uploads\/2026\/01\/img-5203-scaled.webp 100w\" type=\"image\/webp\">\n      <img class=\"img-fluid lazyload\" data-src=\"https:\/\/www.leroux.com\/wp-content\/uploads\/2026\/01\/img-5203-scaled.jpg\" alt=\"\">\n          <\/picture>\n\n  \n  \n<\/div>\n                            <\/div>\n                                            <\/div>\n                                                                            \n                                    <div class=\"Rows__line\">\n                                                    <div class=\"text\">\n                                <div class=\"wswyg--content\"><h3>Edulcorante<\/h3>\n<p>El edulcorante Muller incluye la estevia entre sus propiedades edulcorantes. Cultivada en las regiones de Amambay e Iguaz\u00fa (en la frontera entre Brasil, Paraguay y Argentina), la stevia es un edulcorante natural con numerosos beneficios para la salud.<br \/>\nBeneficioso para las personas con hipertensi\u00f3n, es un potente antioxidante, siete veces m\u00e1s potente que el t\u00e9 verde. Bactericida y diur\u00e9tico, ayuda a reducir los niveles de \u00e1cido \u00farico. Como anti\u00e1cido, facilita la digesti\u00f3n, combate la fatiga y la ansiedad, y refuerza el sistema inmunitario contra la gripe y los resfriados.  <\/p>\n<\/div>\n\n                                                            <\/div>\n                        \n                                                    <div class=\"image\">\n                                <div class=\"visual__container custom-gutenberg\">\n\n  \n              \n    \n                  \n              \n    <picture class=\"visual\"  data-prllxfrom='{\"yPercent\" : \"-10\"}' data-prllxto='{\"yPercent\" : \"10\"}'  data-prllxstart='top bottom'   data-prllxend='bottom top'>\n      <source data-srcset=\"https:\/\/www.leroux.com\/wp-content\/uploads\/2026\/01\/old-wooden-table-with-stevia-granules-picture-id532975562-stevia.webp 100w\" type=\"image\/webp\">\n      <img class=\"img-fluid lazyload\" data-src=\"https:\/\/www.leroux.com\/wp-content\/uploads\/2026\/01\/old-wooden-table-with-stevia-granules-picture-id532975562-stevia.jpg\" alt=\"\">\n          <\/picture>\n\n  \n  \n<\/div>\n                            <\/div>\n                                            <\/div>\n                                        <\/section>\n    \n<section class=\"txt-icon custom-gutenberg\">\n    <div class=\"content\">\n        <h2>\n                            Descubre nuestro cat\u00e1logo en espa\u00f1ol\n                                    <\/h2>\n\n        \n\n                    \n  <a href=\"https:\/\/www.leroux.com\/wp-content\/uploads\/2026\/02\/catalogue-molabe.pdf\" class=\"Btn custom-gutenberg \" target=\"_blank\" rel=\"noopener\"  >\n    <span class=\"Btn__txt\">Productos Molabe<\/span>\n          <div class=\"Btn__arrow\">\n        <svg width=\"20\" height=\"20\" viewBox=\"0 0 20 20\" fill=\"none\" xmlns=\"http:\/\/www.w3.org\/2000\/svg\">\n          <path d=\"M2 9.69531L17.3918 9.69531\" stroke=\"white\" stroke-width=\"2\" stroke-miterlimit=\"10\"\/>\n          <path d=\"M12.6953 5L17.1953 9.5L12.6953 14\" stroke=\"white\" stroke-width=\"2\"\/>\n        <\/svg>\n      <\/div>\n      <\/a>\n\n            <\/div>\n<\/section>\n","protected":false},"excerpt":{"rendered":"","protected":false},"author":556,"featured_media":0,"parent":0,"menu_order":0,"comment_status":"closed","ping_status":"closed","template":"page-gutenberg.php","meta":{"_acf_changed":false,"inline_featured_image":false,"footnotes":""},"class_list":["post-697773","page","type-page","status-publish","hentry"],"acf":[],"yoast_head":"<!-- This site is optimized with the Yoast SEO plugin v26.0 - https:\/\/yoast.com\/wordpress\/plugins\/seo\/ -->\n<title>Molabe | Chicor\u00e9e Leroux<\/title>\n<meta name=\"robots\" content=\"index, follow, max-snippet:-1, max-image-preview:large, max-video-preview:-1\" \/>\n<link rel=\"canonical\" href=\"https:\/\/www.leroux.com\/es\/molabe\/\" \/>\n<meta property=\"og:locale\" content=\"es_ES\" \/>\n<meta property=\"og:type\" content=\"article\" \/>\n<meta property=\"og:title\" content=\"Molabe | Chicor\u00e9e Leroux\" \/>\n<meta property=\"og:url\" content=\"https:\/\/www.leroux.com\/es\/molabe\/\" \/>\n<meta property=\"og:site_name\" content=\"Chicor\u00e9e Leroux\" \/>\n<meta property=\"article:publisher\" content=\"https:\/\/www.facebook.com\/chicoreeleroux\" \/>\n<meta property=\"article:modified_time\" content=\"2026-03-25T07:56:01+00:00\" \/>\n<meta property=\"og:image\" content=\"https:\/\/www.leroux.com\/wp-content\/uploads\/2023\/07\/screenshot.png\" \/>\n\t<meta property=\"og:image:width\" content=\"880\" \/>\n\t<meta property=\"og:image:height\" content=\"660\" \/>\n\t<meta property=\"og:image:type\" content=\"image\/png\" \/>\n<meta name=\"twitter:card\" content=\"summary_large_image\" \/>\n<meta name=\"twitter:site\" content=\"@Chicoree_Leroux\" \/>\n<script type=\"application\/ld+json\" class=\"yoast-schema-graph\">{\"@context\":\"https:\/\/schema.org\",\"@graph\":[{\"@type\":\"WebPage\",\"@id\":\"https:\/\/www.leroux.com\/es\/molabe\/\",\"url\":\"https:\/\/www.leroux.com\/es\/molabe\/\",\"name\":\"Molabe | Chicor\u00e9e Leroux\",\"isPartOf\":{\"@id\":\"https:\/\/www.leroux.com\/es\/#website\"},\"datePublished\":\"2026-02-06T10:16:59+00:00\",\"dateModified\":\"2026-03-25T07:56:01+00:00\",\"breadcrumb\":{\"@id\":\"https:\/\/www.leroux.com\/es\/molabe\/#breadcrumb\"},\"inLanguage\":\"es\",\"potentialAction\":[{\"@type\":\"ReadAction\",\"target\":[\"https:\/\/www.leroux.com\/es\/molabe\/\"]}]},{\"@type\":\"BreadcrumbList\",\"@id\":\"https:\/\/www.leroux.com\/es\/molabe\/#breadcrumb\",\"itemListElement\":[{\"@type\":\"ListItem\",\"position\":1,\"name\":\"Home\",\"item\":\"https:\/\/www.leroux.com\/es\/inicio\/\"},{\"@type\":\"ListItem\",\"position\":2,\"name\":\"Molabe\"}]},{\"@type\":\"WebSite\",\"@id\":\"https:\/\/www.leroux.com\/es\/#website\",\"url\":\"https:\/\/www.leroux.com\/es\/\",\"name\":\"Chicor\u00e9e Leroux\",\"description\":\"Du r\u00e9confort depuis 1858\",\"publisher\":{\"@id\":\"https:\/\/www.leroux.com\/es\/#organization\"},\"potentialAction\":[{\"@type\":\"SearchAction\",\"target\":{\"@type\":\"EntryPoint\",\"urlTemplate\":\"https:\/\/www.leroux.com\/es\/?s={search_term_string}\"},\"query-input\":{\"@type\":\"PropertyValueSpecification\",\"valueRequired\":true,\"valueName\":\"search_term_string\"}}],\"inLanguage\":\"es\"},{\"@type\":\"Organization\",\"@id\":\"https:\/\/www.leroux.com\/es\/#organization\",\"name\":\"Chicor\u00e9e Leroux\",\"url\":\"https:\/\/www.leroux.com\/es\/\",\"logo\":{\"@type\":\"ImageObject\",\"inLanguage\":\"es\",\"@id\":\"https:\/\/www.leroux.com\/es\/#\/schema\/logo\/image\/\",\"url\":\"https:\/\/www.leroux.com\/wp-content\/uploads\/2023\/07\/screenshot.png\",\"contentUrl\":\"https:\/\/www.leroux.com\/wp-content\/uploads\/2023\/07\/screenshot.png\",\"width\":880,\"height\":660,\"caption\":\"Chicor\u00e9e Leroux\"},\"image\":{\"@id\":\"https:\/\/www.leroux.com\/es\/#\/schema\/logo\/image\/\"},\"sameAs\":[\"https:\/\/www.facebook.com\/chicoreeleroux\",\"https:\/\/x.com\/Chicoree_Leroux\",\"https:\/\/www.instagram.com\/chicoree_leroux\"]}]}<\/script>\n<!-- \/ Yoast SEO plugin. -->","yoast_head_json":{"title":"Molabe | Chicor\u00e9e Leroux","robots":{"index":"index","follow":"follow","max-snippet":"max-snippet:-1","max-image-preview":"max-image-preview:large","max-video-preview":"max-video-preview:-1"},"canonical":"https:\/\/www.leroux.com\/es\/molabe\/","og_locale":"es_ES","og_type":"article","og_title":"Molabe | Chicor\u00e9e Leroux","og_url":"https:\/\/www.leroux.com\/es\/molabe\/","og_site_name":"Chicor\u00e9e Leroux","article_publisher":"https:\/\/www.facebook.com\/chicoreeleroux","article_modified_time":"2026-03-25T07:56:01+00:00","og_image":[{"width":880,"height":660,"url":"https:\/\/www.leroux.com\/wp-content\/uploads\/2023\/07\/screenshot.png","type":"image\/png"}],"twitter_card":"summary_large_image","twitter_site":"@Chicoree_Leroux","schema":{"@context":"https:\/\/schema.org","@graph":[{"@type":"WebPage","@id":"https:\/\/www.leroux.com\/es\/molabe\/","url":"https:\/\/www.leroux.com\/es\/molabe\/","name":"Molabe | Chicor\u00e9e Leroux","isPartOf":{"@id":"https:\/\/www.leroux.com\/es\/#website"},"datePublished":"2026-02-06T10:16:59+00:00","dateModified":"2026-03-25T07:56:01+00:00","breadcrumb":{"@id":"https:\/\/www.leroux.com\/es\/molabe\/#breadcrumb"},"inLanguage":"es","potentialAction":[{"@type":"ReadAction","target":["https:\/\/www.leroux.com\/es\/molabe\/"]}]},{"@type":"BreadcrumbList","@id":"https:\/\/www.leroux.com\/es\/molabe\/#breadcrumb","itemListElement":[{"@type":"ListItem","position":1,"name":"Home","item":"https:\/\/www.leroux.com\/es\/inicio\/"},{"@type":"ListItem","position":2,"name":"Molabe"}]},{"@type":"WebSite","@id":"https:\/\/www.leroux.com\/es\/#website","url":"https:\/\/www.leroux.com\/es\/","name":"Chicor\u00e9e Leroux","description":"Du r\u00e9confort depuis 1858","publisher":{"@id":"https:\/\/www.leroux.com\/es\/#organization"},"potentialAction":[{"@type":"SearchAction","target":{"@type":"EntryPoint","urlTemplate":"https:\/\/www.leroux.com\/es\/?s={search_term_string}"},"query-input":{"@type":"PropertyValueSpecification","valueRequired":true,"valueName":"search_term_string"}}],"inLanguage":"es"},{"@type":"Organization","@id":"https:\/\/www.leroux.com\/es\/#organization","name":"Chicor\u00e9e Leroux","url":"https:\/\/www.leroux.com\/es\/","logo":{"@type":"ImageObject","inLanguage":"es","@id":"https:\/\/www.leroux.com\/es\/#\/schema\/logo\/image\/","url":"https:\/\/www.leroux.com\/wp-content\/uploads\/2023\/07\/screenshot.png","contentUrl":"https:\/\/www.leroux.com\/wp-content\/uploads\/2023\/07\/screenshot.png","width":880,"height":660,"caption":"Chicor\u00e9e Leroux"},"image":{"@id":"https:\/\/www.leroux.com\/es\/#\/schema\/logo\/image\/"},"sameAs":["https:\/\/www.facebook.com\/chicoreeleroux","https:\/\/x.com\/Chicoree_Leroux","https:\/\/www.instagram.com\/chicoree_leroux"]}]}},"_links":{"self":[{"href":"https:\/\/www.leroux.com\/es\/wp-json\/wp\/v2\/pages\/697773","targetHints":{"allow":["GET"]}}],"collection":[{"href":"https:\/\/www.leroux.com\/es\/wp-json\/wp\/v2\/pages"}],"about":[{"href":"https:\/\/www.leroux.com\/es\/wp-json\/wp\/v2\/types\/page"}],"author":[{"embeddable":true,"href":"https:\/\/www.leroux.com\/es\/wp-json\/wp\/v2\/users\/556"}],"replies":[{"embeddable":true,"href":"https:\/\/www.leroux.com\/es\/wp-json\/wp\/v2\/comments?post=697773"}],"version-history":[{"count":7,"href":"https:\/\/www.leroux.com\/es\/wp-json\/wp\/v2\/pages\/697773\/revisions"}],"predecessor-version":[{"id":700210,"href":"https:\/\/www.leroux.com\/es\/wp-json\/wp\/v2\/pages\/697773\/revisions\/700210"}],"wp:attachment":[{"href":"https:\/\/www.leroux.com\/es\/wp-json\/wp\/v2\/media?parent=697773"}],"curies":[{"name":"wp","href":"https:\/\/api.w.org\/{rel}","templated":true}]}}