{"id":698178,"date":"2025-03-18T16:14:34","date_gmt":"2025-03-18T15:14:34","guid":{"rendered":"https:\/\/www.leroux.com\/produits\/infusion-recup\/"},"modified":"2026-03-04T17:05:34","modified_gmt":"2026-03-04T16:05:34","slug":"infusion-recup","status":"publish","type":"product","link":"https:\/\/www.leroux.com\/en\/produits\/infusion-recup\/","title":{"rendered":"Infusion R\u00e9cup"},"content":{"rendered":"<p>A large tin of chicory<\/p>\n","protected":false},"excerpt":{"rendered":"<p>Need a moment of rehydration and well-being? Discover RECUP infusion, a delicious blend of chicory, blackcurrant, rooibos and peppermint. 100% plant-based, with no added flavoring, this delicious hot beverage can be enjoyed all day long for a moment of sweetness.  <\/p>\n","protected":false},"featured_media":698158,"template":"","meta":{"_acf_changed":false,"inline_featured_image":false},"product_brand":[],"product_cat":[137],"product_tag":[],"class_list":{"0":"post-698178","1":"product","2":"type-product","3":"status-publish","4":"has-post-thumbnail","6":"product_cat-infusion-en","8":"first","9":"instock","10":"taxable","11":"shipping-taxable","12":"purchasable","13":"product-type-simple"},"acf":[],"yoast_head":"<!-- This site is optimized with the Yoast SEO plugin v26.0 - https:\/\/yoast.com\/wordpress\/plugins\/seo\/ -->\n<title>Infusion R\u00e9cup | Chicor\u00e9e Leroux<\/title>\n<meta name=\"description\" content=\"Discover our Infusion R\u00e9cup Natural, balanced, caffeine-free beverage. Enjoy healthy, gourmet pleasure every time.\" \/>\n<meta name=\"robots\" content=\"index, follow, max-snippet:-1, max-image-preview:large, max-video-preview:-1\" \/>\n<link rel=\"canonical\" href=\"https:\/\/www.leroux.com\/en\/produits\/infusion-recup\/\" \/>\n<meta property=\"og:locale\" content=\"en_US\" \/>\n<meta property=\"og:type\" content=\"article\" \/>\n<meta property=\"og:title\" content=\"Infusion R\u00e9cup | Chicor\u00e9e Leroux\" \/>\n<meta property=\"og:description\" content=\"Discover our Infusion R\u00e9cup Natural, balanced, caffeine-free beverage. Enjoy healthy, gourmet pleasure every time.\" \/>\n<meta property=\"og:url\" content=\"https:\/\/www.leroux.com\/en\/produits\/infusion-recup\/\" \/>\n<meta property=\"og:site_name\" content=\"Chicor\u00e9e Leroux\" \/>\n<meta property=\"article:publisher\" content=\"https:\/\/www.facebook.com\/chicoreeleroux\" \/>\n<meta property=\"article:modified_time\" content=\"2026-03-04T16:05:34+00:00\" \/>\n<meta property=\"og:image\" content=\"https:\/\/www.leroux.com\/wp-content\/uploads\/2023\/07\/1t7a2395-1024x819.jpg\" \/>\n<meta name=\"twitter:card\" content=\"summary_large_image\" \/>\n<meta name=\"twitter:site\" content=\"@Chicoree_Leroux\" \/>\n<script type=\"application\/ld+json\" class=\"yoast-schema-graph\">{\"@context\":\"https:\/\/schema.org\",\"@graph\":[{\"@type\":\"WebPage\",\"@id\":\"https:\/\/www.leroux.com\/en\/produits\/infusion-recup\/\",\"url\":\"https:\/\/www.leroux.com\/en\/produits\/infusion-recup\/\",\"name\":\"Infusion R\u00e9cup | Chicor\u00e9e Leroux\",\"isPartOf\":{\"@id\":\"https:\/\/www.leroux.com\/en\/#website\"},\"primaryImageOfPage\":{\"@id\":\"https:\/\/www.leroux.com\/en\/produits\/infusion-recup\/#primaryimage\"},\"image\":{\"@id\":\"https:\/\/www.leroux.com\/en\/produits\/infusion-recup\/#primaryimage\"},\"thumbnailUrl\":\"https:\/\/www.leroux.com\/wp-content\/uploads\/2025\/03\/infusion-recup-3067140043608-1.png\",\"datePublished\":\"2025-03-18T15:14:34+00:00\",\"dateModified\":\"2026-03-04T16:05:34+00:00\",\"description\":\"Discover our Infusion R\u00e9cup Natural, balanced, caffeine-free beverage. Enjoy healthy, gourmet pleasure every time.\",\"breadcrumb\":{\"@id\":\"https:\/\/www.leroux.com\/en\/produits\/infusion-recup\/#breadcrumb\"},\"inLanguage\":\"en-US\",\"potentialAction\":[{\"@type\":\"ReadAction\",\"target\":[\"https:\/\/www.leroux.com\/en\/produits\/infusion-recup\/\"]}]},{\"@type\":\"ImageObject\",\"inLanguage\":\"en-US\",\"@id\":\"https:\/\/www.leroux.com\/en\/produits\/infusion-recup\/#primaryimage\",\"url\":\"https:\/\/www.leroux.com\/wp-content\/uploads\/2025\/03\/infusion-recup-3067140043608-1.png\",\"contentUrl\":\"https:\/\/www.leroux.com\/wp-content\/uploads\/2025\/03\/infusion-recup-3067140043608-1.png\",\"width\":500,\"height\":500,\"caption\":\"Produit infusion chicor\u00e9e leroux r\u00e9cup\"},{\"@type\":\"BreadcrumbList\",\"@id\":\"https:\/\/www.leroux.com\/en\/produits\/infusion-recup\/#breadcrumb\",\"itemListElement\":[{\"@type\":\"ListItem\",\"position\":1,\"name\":\"Home\",\"item\":\"https:\/\/www.leroux.com\/en\/home\/\"},{\"@type\":\"ListItem\",\"position\":2,\"name\":\"Nos produits, boissons chaudes\/froides\",\"item\":\"https:\/\/www.leroux.com\/produits\/\"},{\"@type\":\"ListItem\",\"position\":3,\"name\":\"Infusion R\u00e9cup\"}]},{\"@type\":\"WebSite\",\"@id\":\"https:\/\/www.leroux.com\/en\/#website\",\"url\":\"https:\/\/www.leroux.com\/en\/\",\"name\":\"Chicor\u00e9e Leroux\",\"description\":\"Du r\u00e9confort depuis 1858\",\"publisher\":{\"@id\":\"https:\/\/www.leroux.com\/en\/#organization\"},\"potentialAction\":[{\"@type\":\"SearchAction\",\"target\":{\"@type\":\"EntryPoint\",\"urlTemplate\":\"https:\/\/www.leroux.com\/en\/?s={search_term_string}\"},\"query-input\":{\"@type\":\"PropertyValueSpecification\",\"valueRequired\":true,\"valueName\":\"search_term_string\"}}],\"inLanguage\":\"en-US\"},{\"@type\":\"Organization\",\"@id\":\"https:\/\/www.leroux.com\/en\/#organization\",\"name\":\"Chicor\u00e9e Leroux\",\"url\":\"https:\/\/www.leroux.com\/en\/\",\"logo\":{\"@type\":\"ImageObject\",\"inLanguage\":\"en-US\",\"@id\":\"https:\/\/www.leroux.com\/en\/#\/schema\/logo\/image\/\",\"url\":\"https:\/\/www.leroux.com\/wp-content\/uploads\/2023\/07\/screenshot.png\",\"contentUrl\":\"https:\/\/www.leroux.com\/wp-content\/uploads\/2023\/07\/screenshot.png\",\"width\":880,\"height\":660,\"caption\":\"Chicor\u00e9e Leroux\"},\"image\":{\"@id\":\"https:\/\/www.leroux.com\/en\/#\/schema\/logo\/image\/\"},\"sameAs\":[\"https:\/\/www.facebook.com\/chicoreeleroux\",\"https:\/\/x.com\/Chicoree_Leroux\",\"https:\/\/www.instagram.com\/chicoree_leroux\"]}]}<\/script>\n<!-- \/ Yoast SEO plugin. -->","yoast_head_json":{"title":"Infusion R\u00e9cup | Chicor\u00e9e Leroux","description":"Discover our Infusion R\u00e9cup Natural, balanced, caffeine-free beverage. Enjoy healthy, gourmet pleasure every time.","robots":{"index":"index","follow":"follow","max-snippet":"max-snippet:-1","max-image-preview":"max-image-preview:large","max-video-preview":"max-video-preview:-1"},"canonical":"https:\/\/www.leroux.com\/en\/produits\/infusion-recup\/","og_locale":"en_US","og_type":"article","og_title":"Infusion R\u00e9cup | Chicor\u00e9e Leroux","og_description":"Discover our Infusion R\u00e9cup Natural, balanced, caffeine-free beverage. Enjoy healthy, gourmet pleasure every time.","og_url":"https:\/\/www.leroux.com\/en\/produits\/infusion-recup\/","og_site_name":"Chicor\u00e9e Leroux","article_publisher":"https:\/\/www.facebook.com\/chicoreeleroux","article_modified_time":"2026-03-04T16:05:34+00:00","og_image":[{"url":"https:\/\/www.leroux.com\/wp-content\/uploads\/2023\/07\/1t7a2395-1024x819.jpg","type":"","width":"","height":""}],"twitter_card":"summary_large_image","twitter_site":"@Chicoree_Leroux","schema":{"@context":"https:\/\/schema.org","@graph":[{"@type":"WebPage","@id":"https:\/\/www.leroux.com\/en\/produits\/infusion-recup\/","url":"https:\/\/www.leroux.com\/en\/produits\/infusion-recup\/","name":"Infusion R\u00e9cup | Chicor\u00e9e Leroux","isPartOf":{"@id":"https:\/\/www.leroux.com\/en\/#website"},"primaryImageOfPage":{"@id":"https:\/\/www.leroux.com\/en\/produits\/infusion-recup\/#primaryimage"},"image":{"@id":"https:\/\/www.leroux.com\/en\/produits\/infusion-recup\/#primaryimage"},"thumbnailUrl":"https:\/\/www.leroux.com\/wp-content\/uploads\/2025\/03\/infusion-recup-3067140043608-1.png","datePublished":"2025-03-18T15:14:34+00:00","dateModified":"2026-03-04T16:05:34+00:00","description":"Discover our Infusion R\u00e9cup Natural, balanced, caffeine-free beverage. Enjoy healthy, gourmet pleasure every time.","breadcrumb":{"@id":"https:\/\/www.leroux.com\/en\/produits\/infusion-recup\/#breadcrumb"},"inLanguage":"en-US","potentialAction":[{"@type":"ReadAction","target":["https:\/\/www.leroux.com\/en\/produits\/infusion-recup\/"]}]},{"@type":"ImageObject","inLanguage":"en-US","@id":"https:\/\/www.leroux.com\/en\/produits\/infusion-recup\/#primaryimage","url":"https:\/\/www.leroux.com\/wp-content\/uploads\/2025\/03\/infusion-recup-3067140043608-1.png","contentUrl":"https:\/\/www.leroux.com\/wp-content\/uploads\/2025\/03\/infusion-recup-3067140043608-1.png","width":500,"height":500,"caption":"Produit infusion chicor\u00e9e leroux r\u00e9cup"},{"@type":"BreadcrumbList","@id":"https:\/\/www.leroux.com\/en\/produits\/infusion-recup\/#breadcrumb","itemListElement":[{"@type":"ListItem","position":1,"name":"Home","item":"https:\/\/www.leroux.com\/en\/home\/"},{"@type":"ListItem","position":2,"name":"Nos produits, boissons chaudes\/froides","item":"https:\/\/www.leroux.com\/produits\/"},{"@type":"ListItem","position":3,"name":"Infusion R\u00e9cup"}]},{"@type":"WebSite","@id":"https:\/\/www.leroux.com\/en\/#website","url":"https:\/\/www.leroux.com\/en\/","name":"Chicor\u00e9e Leroux","description":"Du r\u00e9confort depuis 1858","publisher":{"@id":"https:\/\/www.leroux.com\/en\/#organization"},"potentialAction":[{"@type":"SearchAction","target":{"@type":"EntryPoint","urlTemplate":"https:\/\/www.leroux.com\/en\/?s={search_term_string}"},"query-input":{"@type":"PropertyValueSpecification","valueRequired":true,"valueName":"search_term_string"}}],"inLanguage":"en-US"},{"@type":"Organization","@id":"https:\/\/www.leroux.com\/en\/#organization","name":"Chicor\u00e9e Leroux","url":"https:\/\/www.leroux.com\/en\/","logo":{"@type":"ImageObject","inLanguage":"en-US","@id":"https:\/\/www.leroux.com\/en\/#\/schema\/logo\/image\/","url":"https:\/\/www.leroux.com\/wp-content\/uploads\/2023\/07\/screenshot.png","contentUrl":"https:\/\/www.leroux.com\/wp-content\/uploads\/2023\/07\/screenshot.png","width":880,"height":660,"caption":"Chicor\u00e9e Leroux"},"image":{"@id":"https:\/\/www.leroux.com\/en\/#\/schema\/logo\/image\/"},"sameAs":["https:\/\/www.facebook.com\/chicoreeleroux","https:\/\/x.com\/Chicoree_Leroux","https:\/\/www.instagram.com\/chicoree_leroux"]}]}},"_links":{"self":[{"href":"https:\/\/www.leroux.com\/en\/wp-json\/wp\/v2\/product\/698178","targetHints":{"allow":["GET"]}}],"collection":[{"href":"https:\/\/www.leroux.com\/en\/wp-json\/wp\/v2\/product"}],"about":[{"href":"https:\/\/www.leroux.com\/en\/wp-json\/wp\/v2\/types\/product"}],"wp:featuredmedia":[{"embeddable":true,"href":"https:\/\/www.leroux.com\/en\/wp-json\/wp\/v2\/media\/698158"}],"wp:attachment":[{"href":"https:\/\/www.leroux.com\/en\/wp-json\/wp\/v2\/media?parent=698178"}],"wp:term":[{"taxonomy":"product_brand","embeddable":true,"href":"https:\/\/www.leroux.com\/en\/wp-json\/wp\/v2\/product_brand?post=698178"},{"taxonomy":"product_cat","embeddable":true,"href":"https:\/\/www.leroux.com\/en\/wp-json\/wp\/v2\/product_cat?post=698178"},{"taxonomy":"product_tag","embeddable":true,"href":"https:\/\/www.leroux.com\/en\/wp-json\/wp\/v2\/product_tag?post=698178"}],"curies":[{"name":"wp","href":"https:\/\/api.w.org\/{rel}","templated":true}]}}